{"id":2982,"date":"2015-02-03T09:26:56","date_gmt":"2015-02-03T09:26:56","guid":{"rendered":"http:\/\/smorel-photo.com\/blog\/papilio-machaon-copy\/"},"modified":"2019-11-19T04:07:51","modified_gmt":"2019-11-19T04:07:51","slug":"zerynthia-rumina","status":"publish","type":"page","link":"http:\/\/smorel-photo.com\/blog\/zerynthia-rumina\/","title":{"rendered":"Zerynthia rumina"},"content":{"rendered":"<p><script>\n  (function(i,s,o,g,r,a,m){i['GoogleAnalyticsObject']=r;i[r]=i[r]||function(){\n  (i[r].q=i[r].q||[]).push(arguments)},i[r].l=1*new Date();a=s.createElement(o),\n  m=s.getElementsByTagName(o)[0];a.async=1;a.src=g;m.parentNode.insertBefore(a,m)\n  })(window,document,'script','\/\/www.google-analytics.com\/analytics.js','ga');<\/p>\n<p>  ga('create', 'UA-59664093-1', 'auto');\n  ga('send', 'pageview');<\/p>\n<p><\/script><!--themify_builder_content-->\n<div id=\"themify_builder_content-2982\" data-postid=\"2982\" class=\"themify_builder_content themify_builder_content-2982 themify_builder tf_clear\">\n                    <div  data-lazy=\"1\" class=\"module_row themify_builder_row tb_sbu9927 tb_first tf_w\">\n                        <div class=\"row_inner col_align_top tb_col_count_1 tf_box tf_rel\">\n                        <div  data-lazy=\"1\" class=\"module_column tb-column col-full  tb_uzcy872 first\">\n                            <div  data-lazy=\"1\" class=\"module_subrow themify_builder_sub_row tf_w col_align_top tb_col_count_2 tb_q815988\">\n                <div  data-lazy=\"1\" class=\"module_column sub_column col4-2  tb_rjoa200 first\">\n                    <!-- module text -->\n<div  class=\"module module-text tb_ojp8082   \" data-lazy=\"1\">\n        <div  class=\"tb_text_wrap\">\n        <p>\u00a0<\/p><p style=\"text-align: justify;\">La Proserpine (Zerynthia rumina) est une esp\u00e8ce de papillons appartenant \u00e0 la famille Papilionidae, \u00e0 la sous-famille des Parnassiinae et au genre Zerynthia.<\/p><p style=\"text-align: justify;\">\u00a0Ce papillon, a une envergure de 22 \u00e0 23 mm.<\/p><p>\u00a0La Proserpine hiverne \u00e0 l\u2019\u00e9tat de chrysalide. Elle vole de f\u00e9vrier \u00e0 juillet, principalement en avril-mai. Cette esp\u00e8ce a une seule g\u00e9n\u00e9ration, mais celles qui vivent \u00e0 Malaga et en Afrique du Nord ont deux g\u00e9n\u00e9rations et certaines passent l&rsquo;hiver \u00e0 l&rsquo;\u00e9tat d&rsquo;imago (papillon).<\/p><p style=\"text-align: justify;\">\u00a0<\/p>    <\/div>\n<\/div>\n<!-- \/module text -->        <\/div>\n                    <div  data-lazy=\"1\" class=\"module_column sub_column col4-2  tb_t5kx099 last\">\n                    <!-- module image -->\n<div  class=\"module module-image tb_89fo002 image-top rounded  tf_mw\" data-lazy=\"1\">\n        <div class=\"image-wrap tf_rel tf_mw\">\n                \n        <\/div>\n    <!-- \/image-wrap -->\n    \n        <\/div>\n<!-- \/module image --><!-- module image -->\n<div  class=\"module module-image tb_8t8q028 image-top rounded  tf_mw\" data-lazy=\"1\">\n        <div class=\"image-wrap tf_rel tf_mw\">\n            <img loading=\"lazy\" decoding=\"async\" src=\"http:\/\/smorel-photo.com\/blog\/wp-content\/uploads\/2015\/01\/IMG_8096_DxO-683x1024-200x300.jpg\" width=\"200\" height=\"300\" class=\"wp-post-image wp-image-2703\" title=\"Zerynthia rumina\" alt=\"Zerynthia rumina\" srcset=\"http:\/\/smorel-photo.com\/blog\/wp-content\/uploads\/2015\/01\/IMG_8096_DxO-683x1024-200x300.jpg 200w, http:\/\/smorel-photo.com\/blog\/wp-content\/uploads\/2015\/01\/IMG_8096_DxO-683x1024.jpg 683w\" sizes=\"auto, (max-width: 200px) 100vw, 200px\" \/>    \n        <\/div>\n    <!-- \/image-wrap -->\n    \n        <\/div>\n<!-- \/module image -->        <\/div>\n                    <\/div>\n                <\/div>\n                        <\/div>\n        <\/div>\n                        <div  data-lazy=\"1\" class=\"module_row themify_builder_row tb_elqs408 tf_w\">\n                        <div class=\"row_inner col_align_top tb_col_count_1 tf_box tf_rel\">\n                        <div  data-lazy=\"1\" class=\"module_column tb-column col-full  tb_tnfd280 first\">\n                    <!-- module text -->\n<div  class=\"module module-text tb_rtwp960   \" data-lazy=\"1\">\n        <div  class=\"tb_text_wrap\">\n        <p style=\"text-align: justify;\">Les plantes h\u00f4tes de la Proserpine sont du genre Aristolochia en particulier Aristoloche pistoloche, (Aristolochia pistolochia), Aristolochia pallida, Aristolochia boetica, Aristolochia fontanesi Aristolochia rotunda, Aristolochia longa ssp. paucinervis. <sup id=\"cite_ref-funet_1-0\" class=\"reference\"><\/sup><\/p><p style=\"text-align: justify;\">La Proserpine affectionne les garrigues pierreuses et les \u00e9boulis.<\/p><p style=\"text-align: justify;\">Il est pr\u00e9sent dans le Sud-Ouest de l&rsquo;Europe, principalement en Espagne et en Afrique du Nord (Maroc, Alg\u00e9rie, Tunisie). En France il a \u00e9t\u00e9 inventori\u00e9 dans neufs d\u00e9partements du pourtour m\u00e9diterran\u00e9en.<\/p><p style=\"text-align: justify;\">\u00a0<\/p>    <\/div>\n<\/div>\n<!-- \/module text -->        <\/div>\n                        <\/div>\n        <\/div>\n                        <div  data-lazy=\"1\" class=\"module_row themify_builder_row tb_68na206 tf_w\">\n                        <div class=\"row_inner col_align_top tb_col_count_1 tf_box tf_rel\">\n                        <div  data-lazy=\"1\" class=\"module_column tb-column col-full   tb_5zbo977 first\">\n                    <!-- module text -->\n<div  class=\"module module-text tb_0oyh027   \" data-lazy=\"1\">\n        <div  class=\"tb_text_wrap\">\n        <p>\u00a0<\/p><p><a href=\"http:\/\/smorel-photo.com\/blog\/blog\/\">Retour vers la page de pr\u00e9sentation des papillons \u21b5<\/a><\/p>    <\/div>\n<\/div>\n<!-- \/module text -->        <\/div>\n                        <\/div>\n        <\/div>\n        <\/div>\n<!--\/themify_builder_content-->","protected":false},"excerpt":{"rendered":"<p>\u00a0 La Proserpine (Zerynthia rumina) est une esp\u00e8ce de papillons appartenant \u00e0 la famille Papilionidae, \u00e0 la sous-famille des Parnassiinae et au genre Zerynthia. \u00a0Ce papillon, a une envergure de 22 \u00e0 23 mm. \u00a0La Proserpine hiverne \u00e0 l\u2019\u00e9tat de chrysalide. Elle vole de f\u00e9vrier \u00e0 juillet, principalement en avril-mai. Cette esp\u00e8ce a une seule [&hellip;]<\/p>\n","protected":false},"author":1,"featured_media":0,"parent":0,"menu_order":0,"comment_status":"open","ping_status":"open","template":"","meta":{"footnotes":""},"class_list":["post-2982","page","type-page","status-publish","hentry","has-post-title","has-post-date","has-post-category","has-post-tag","has-post-comment","has-post-author",""],"aioseo_notices":[],"builder_content":"<p>\u00a0<\/p><p style=\"text-align: justify;\">La Proserpine (Zerynthia rumina) est une esp\u00e8ce de papillons appartenant \u00e0 la famille Papilionidae, \u00e0 la sous-famille des Parnassiinae et au genre Zerynthia.<\/p><p style=\"text-align: justify;\">\u00a0Ce papillon, a une envergure de 22 \u00e0 23 mm.<\/p><p>\u00a0La Proserpine hiverne \u00e0 l\u2019\u00e9tat de chrysalide. Elle vole de f\u00e9vrier \u00e0 juillet, principalement en avril-mai. Cette esp\u00e8ce a une seule g\u00e9n\u00e9ration, mais celles qui vivent \u00e0 Malaga et en Afrique du Nord ont deux g\u00e9n\u00e9rations et certaines passent l'hiver \u00e0 l'\u00e9tat d'imago (papillon).<\/p><p style=\"text-align: justify;\">\u00a0<\/p>\n\n<img src=\"http:\/\/smorel-photo.com\/blog\/wp-content\/uploads\/2015\/01\/IMG_8096_DxO-683x1024-200x300.jpg\" width=\"200\" height=\"300\" title=\"Zerynthia rumina\" alt=\"Zerynthia rumina\" srcset=\"http:\/\/smorel-photo.com\/blog\/wp-content\/uploads\/2015\/01\/IMG_8096_DxO-683x1024-200x300.jpg 200w, http:\/\/smorel-photo.com\/blog\/wp-content\/uploads\/2015\/01\/IMG_8096_DxO-683x1024.jpg 683w\" sizes=\"(max-width: 200px) 100vw, 200px\" \/>\n<p style=\"text-align: justify;\">Les plantes h\u00f4tes de la Proserpine sont du genre Aristolochia en particulier Aristoloche pistoloche, (Aristolochia pistolochia), Aristolochia pallida, Aristolochia boetica, Aristolochia fontanesi Aristolochia rotunda, Aristolochia longa ssp. paucinervis. <sup id=\"cite_ref-funet_1-0\"><\/sup><\/p><p style=\"text-align: justify;\">La Proserpine affectionne les garrigues pierreuses et les \u00e9boulis.<\/p><p style=\"text-align: justify;\">Il est pr\u00e9sent dans le Sud-Ouest de l'Europe, principalement en Espagne et en Afrique du Nord (Maroc, Alg\u00e9rie, Tunisie). En France il a \u00e9t\u00e9 inventori\u00e9 dans neufs d\u00e9partements du pourtour m\u00e9diterran\u00e9en.<\/p><p style=\"text-align: justify;\">\u00a0<\/p>\n<p>\u00a0<\/p><p><a href=\"http:\/\/smorel-photo.com\/blog\/blog\/\">Retour vers la page de pr\u00e9sentation des papillons \u21b5<\/a><\/p>","_links":{"self":[{"href":"http:\/\/smorel-photo.com\/blog\/wp-json\/wp\/v2\/pages\/2982","targetHints":{"allow":["GET"]}}],"collection":[{"href":"http:\/\/smorel-photo.com\/blog\/wp-json\/wp\/v2\/pages"}],"about":[{"href":"http:\/\/smorel-photo.com\/blog\/wp-json\/wp\/v2\/types\/page"}],"author":[{"embeddable":true,"href":"http:\/\/smorel-photo.com\/blog\/wp-json\/wp\/v2\/users\/1"}],"replies":[{"embeddable":true,"href":"http:\/\/smorel-photo.com\/blog\/wp-json\/wp\/v2\/comments?post=2982"}],"version-history":[{"count":3,"href":"http:\/\/smorel-photo.com\/blog\/wp-json\/wp\/v2\/pages\/2982\/revisions"}],"predecessor-version":[{"id":3175,"href":"http:\/\/smorel-photo.com\/blog\/wp-json\/wp\/v2\/pages\/2982\/revisions\/3175"}],"wp:attachment":[{"href":"http:\/\/smorel-photo.com\/blog\/wp-json\/wp\/v2\/media?parent=2982"}],"curies":[{"name":"wp","href":"https:\/\/api.w.org\/{rel}","templated":true}]}}