{"id":2997,"date":"2015-02-05T10:27:52","date_gmt":"2015-02-05T10:27:52","guid":{"rendered":"http:\/\/smorel-photo.com\/blog\/heliconius-melpomene-copy\/"},"modified":"2019-11-19T10:43:50","modified_gmt":"2019-11-19T10:43:50","slug":"parthenos-sylvia","status":"publish","type":"page","link":"http:\/\/smorel-photo.com\/blog\/parthenos-sylvia\/","title":{"rendered":"Parthenos sylvia"},"content":{"rendered":"<p><script>\n  (function(i,s,o,g,r,a,m){i['GoogleAnalyticsObject']=r;i[r]=i[r]||function(){\n  (i[r].q=i[r].q||[]).push(arguments)},i[r].l=1*new Date();a=s.createElement(o),\n  m=s.getElementsByTagName(o)[0];a.async=1;a.src=g;m.parentNode.insertBefore(a,m)\n  })(window,document,'script','\/\/www.google-analytics.com\/analytics.js','ga');<\/p>\n<p>  ga('create', 'UA-59664093-1', 'auto');\n  ga('send', 'pageview');<\/p>\n<p><\/script><!--themify_builder_content-->\n<div id=\"themify_builder_content-2997\" data-postid=\"2997\" class=\"themify_builder_content themify_builder_content-2997 themify_builder tf_clear\">\n                    <div  data-lazy=\"1\" class=\"module_row themify_builder_row tb_55jr003 tb_first tf_w\">\n                        <div class=\"row_inner col_align_top tb_col_count_1 tf_box tf_rel\">\n                        <div  data-lazy=\"1\" class=\"module_column tb-column col-full  tb_o3cf077 first\">\n                            <div  data-lazy=\"1\" class=\"module_subrow themify_builder_sub_row tf_w col_align_top tb_col_count_2 tb_cu0g077\">\n                <div  data-lazy=\"1\" class=\"module_column sub_column col4-2  tb_ks5f304 first\">\n                    <!-- module text -->\n<div  class=\"module module-text tb_mkj1830   \" data-lazy=\"1\">\n        <div  class=\"tb_text_wrap\">\n        <p style=\"text-align: justify;\">Parthenos sylvia ou Clipper en anglais, est un insecte l\u00e9pidopt\u00e8re de la famille des Nymphalidae, de la sous-famille des Limenitidinae et du genre Parthenos.<\/p><p style=\"text-align: justify;\">\u00a0<\/p><p>\u00a0<\/p><p>\u00a0<\/p>    <\/div>\n<\/div>\n<!-- \/module text -->        <\/div>\n                    <div  data-lazy=\"1\" class=\"module_column sub_column col4-2  tb_9ctp083 last\">\n                    <!-- module image -->\n<div  class=\"module module-image tb_dugg003 image-right rounded  tf_mw\" data-lazy=\"1\">\n        <div class=\"image-wrap tf_rel tf_mw\">\n            <img loading=\"lazy\" decoding=\"async\" src=\"http:\/\/smorel-photo.com\/blog\/wp-content\/uploads\/2015\/01\/IMG_0939-1024x683-300x200.jpg\" width=\"300\" height=\"200\" class=\"wp-post-image wp-image-2672\" title=\"Parthenos sylvia\" alt=\"Parthenos sylvia\" srcset=\"http:\/\/smorel-photo.com\/blog\/wp-content\/uploads\/2015\/01\/IMG_0939-1024x683-300x200.jpg 300w, http:\/\/smorel-photo.com\/blog\/wp-content\/uploads\/2015\/01\/IMG_0939-1024x683.jpg 1024w\" sizes=\"auto, (max-width: 300px) 100vw, 300px\" \/>    \n        <\/div>\n    <!-- \/image-wrap -->\n    \n        <\/div>\n<!-- \/module image -->        <\/div>\n                    <\/div>\n                <\/div>\n                        <\/div>\n        <\/div>\n                        <div  data-lazy=\"1\" class=\"module_row themify_builder_row tb_8t6j804 tf_w\">\n                        <div class=\"row_inner col_align_top tb_col_count_2 tf_box tf_rel\">\n                        <div  data-lazy=\"1\" class=\"module_column tb-column col4-2  tb_p7c2031 first\">\n                    <!-- module image -->\n<div  class=\"module module-image tb_syhv340 image-left rounded  tf_mw\" data-lazy=\"1\">\n        <div class=\"image-wrap tf_rel tf_mw\">\n            <img loading=\"lazy\" decoding=\"async\" src=\"http:\/\/smorel-photo.com\/blog\/wp-content\/uploads\/2015\/01\/IMG_6196-200x300.jpg\" width=\"200\" height=\"300\" class=\"wp-post-image wp-image-2681\" title=\"Parthenos sylvia\" alt=\"Parthenos sylvia\">    \n        <\/div>\n    <!-- \/image-wrap -->\n    \n        <\/div>\n<!-- \/module image -->        <\/div>\n                    <div  data-lazy=\"1\" class=\"module_column tb-column col4-2  tb_olen088 last\">\n                    <!-- module text -->\n<div  class=\"module module-text tb_arxm002   \" data-lazy=\"1\">\n        <div  class=\"tb_text_wrap\">\n        <p style=\"text-align: justify;\">C&rsquo;est un grand papillon d&rsquo;une envergure de 70 \u00e0 <span class=\"nowrap\">120\u00a0mm<\/span> suivant les sous-esp\u00e8ces.<\/p><p style=\"text-align: justify;\">C&rsquo;est une esp\u00e8ce au vole rapide qui pr\u00e9sente la particularit\u00e9 d&rsquo;avoir un mouvement de battement d&rsquo;ailes compris principalement entre l&rsquo;horizontale et quelques degr\u00e9s en dessous. Entre deux battements d&rsquo;ailes il effectue des voles plan\u00e9s. Il vole de septembre \u00e0 f\u00e9vrier<\/p>    <\/div>\n<\/div>\n<!-- \/module text -->        <\/div>\n                        <\/div>\n        <\/div>\n                        <div  data-lazy=\"1\" class=\"module_row themify_builder_row tb_5fpn080 tf_w\">\n                        <div class=\"row_inner col_align_top tb_col_count_1 tf_box tf_rel\">\n                        <div  data-lazy=\"1\" class=\"module_column tb-column col-full  tb_dc1s400 first\">\n                    <!-- module text -->\n<div  class=\"module module-text tb_v0vw030   \" data-lazy=\"1\">\n        <div  class=\"tb_text_wrap\">\n        <p style=\"text-align: justify;\">Les plantes h\u00f4tes de sa chenille sont des Cucurbitaceae, des Passifloraceae (Adenia palmata), des Menispermaceae (Tinospora cordifolia).<\/p><p style=\"text-align: justify;\">Il r\u00e9side dans la jungle dense. Il est pr\u00e9sent dans la plupart des pays d&rsquo;Asie du sud-est, en particulier dans les Philippines, en Inde dans les Gh\u00e2ts occidentaux, l&rsquo;Assam, le Myanmar,au Sri Lanka, au Sri Lanka, en Malaisie, aux Philippines et en Nouvelle-Guin\u00e9e.<\/p>    <\/div>\n<\/div>\n<!-- \/module text -->        <\/div>\n                        <\/div>\n        <\/div>\n                        <div  data-lazy=\"1\" class=\"module_row themify_builder_row tb_nnyi888 tf_w\">\n                        <div class=\"row_inner col_align_top tb_col_count_1 tf_box tf_rel\">\n                        <div  data-lazy=\"1\" class=\"module_column tb-column col-full   tb_m1vq030 first\">\n                    <!-- module text -->\n<div  class=\"module module-text tb_b8dx553   \" data-lazy=\"1\">\n        <div  class=\"tb_text_wrap\">\n        <p>\u00a0<\/p><p><a href=\"http:\/\/smorel-photo.com\/blog\/blog\/\">Retour vers la page de pr\u00e9sentation des papillons \u21b5<\/a><\/p>    <\/div>\n<\/div>\n<!-- \/module text -->        <\/div>\n                        <\/div>\n        <\/div>\n        <\/div>\n<!--\/themify_builder_content-->","protected":false},"excerpt":{"rendered":"<p>Parthenos sylvia ou Clipper en anglais, est un insecte l\u00e9pidopt\u00e8re de la famille des Nymphalidae, de la sous-famille des Limenitidinae et du genre Parthenos. \u00a0 \u00a0 \u00a0 C&rsquo;est un grand papillon d&rsquo;une envergure de 70 \u00e0 120\u00a0mm suivant les sous-esp\u00e8ces. C&rsquo;est une esp\u00e8ce au vole rapide qui pr\u00e9sente la particularit\u00e9 d&rsquo;avoir un mouvement de battement [&hellip;]<\/p>\n","protected":false},"author":1,"featured_media":0,"parent":0,"menu_order":0,"comment_status":"open","ping_status":"open","template":"","meta":{"footnotes":""},"class_list":["post-2997","page","type-page","status-publish","hentry","has-post-title","has-post-date","has-post-category","has-post-tag","has-post-comment","has-post-author",""],"aioseo_notices":[],"builder_content":"<p style=\"text-align: justify;\">Parthenos sylvia ou Clipper en anglais, est un insecte l\u00e9pidopt\u00e8re de la famille des Nymphalidae, de la sous-famille des Limenitidinae et du genre Parthenos.<\/p><p style=\"text-align: justify;\">\u00a0<\/p><p>\u00a0<\/p><p>\u00a0<\/p>\n<img src=\"http:\/\/smorel-photo.com\/blog\/wp-content\/uploads\/2015\/01\/IMG_0939-1024x683-300x200.jpg\" width=\"300\" height=\"200\" title=\"Parthenos sylvia\" alt=\"Parthenos sylvia\" srcset=\"http:\/\/smorel-photo.com\/blog\/wp-content\/uploads\/2015\/01\/IMG_0939-1024x683-300x200.jpg 300w, http:\/\/smorel-photo.com\/blog\/wp-content\/uploads\/2015\/01\/IMG_0939-1024x683.jpg 1024w\" sizes=\"(max-width: 300px) 100vw, 300px\" \/>\n<img src=\"http:\/\/smorel-photo.com\/blog\/wp-content\/uploads\/2015\/01\/IMG_6196-200x300.jpg\" width=\"200\" height=\"300\" title=\"Parthenos sylvia\" alt=\"Parthenos sylvia\">\n<p style=\"text-align: justify;\">C'est un grand papillon d'une envergure de 70 \u00e0 120\u00a0mm suivant les sous-esp\u00e8ces.<\/p><p style=\"text-align: justify;\">C'est une esp\u00e8ce au vole rapide qui pr\u00e9sente la particularit\u00e9 d'avoir un mouvement de battement d'ailes compris principalement entre l'horizontale et quelques degr\u00e9s en dessous. Entre deux battements d'ailes il effectue des voles plan\u00e9s. Il vole de septembre \u00e0 f\u00e9vrier<\/p>\n<p style=\"text-align: justify;\">Les plantes h\u00f4tes de sa chenille sont des Cucurbitaceae, des Passifloraceae (Adenia palmata), des Menispermaceae (Tinospora cordifolia).<\/p><p style=\"text-align: justify;\">Il r\u00e9side dans la jungle dense. Il est pr\u00e9sent dans la plupart des pays d'Asie du sud-est, en particulier dans les Philippines, en Inde dans les Gh\u00e2ts occidentaux, l'Assam, le Myanmar,au Sri Lanka, au Sri Lanka, en Malaisie, aux Philippines et en Nouvelle-Guin\u00e9e.<\/p>\n<p>\u00a0<\/p><p><a href=\"http:\/\/smorel-photo.com\/blog\/blog\/\">Retour vers la page de pr\u00e9sentation des papillons \u21b5<\/a><\/p>","_links":{"self":[{"href":"http:\/\/smorel-photo.com\/blog\/wp-json\/wp\/v2\/pages\/2997","targetHints":{"allow":["GET"]}}],"collection":[{"href":"http:\/\/smorel-photo.com\/blog\/wp-json\/wp\/v2\/pages"}],"about":[{"href":"http:\/\/smorel-photo.com\/blog\/wp-json\/wp\/v2\/types\/page"}],"author":[{"embeddable":true,"href":"http:\/\/smorel-photo.com\/blog\/wp-json\/wp\/v2\/users\/1"}],"replies":[{"embeddable":true,"href":"http:\/\/smorel-photo.com\/blog\/wp-json\/wp\/v2\/comments?post=2997"}],"version-history":[{"count":3,"href":"http:\/\/smorel-photo.com\/blog\/wp-json\/wp\/v2\/pages\/2997\/revisions"}],"predecessor-version":[{"id":3185,"href":"http:\/\/smorel-photo.com\/blog\/wp-json\/wp\/v2\/pages\/2997\/revisions\/3185"}],"wp:attachment":[{"href":"http:\/\/smorel-photo.com\/blog\/wp-json\/wp\/v2\/media?parent=2997"}],"curies":[{"name":"wp","href":"https:\/\/api.w.org\/{rel}","templated":true}]}}