{"id":3025,"date":"2015-02-06T09:23:04","date_gmt":"2015-02-06T09:23:04","guid":{"rendered":"http:\/\/smorel-photo.com\/blog\/hypolimnas-bolina-jacintha-copy\/"},"modified":"2019-11-19T14:41:56","modified_gmt":"2019-11-19T14:41:56","slug":"heliconius-erato-microclea","status":"publish","type":"page","link":"http:\/\/smorel-photo.com\/blog\/heliconius-erato-microclea\/","title":{"rendered":"Heliconius erato microclea"},"content":{"rendered":"<p><script>\n  (function(i,s,o,g,r,a,m){i['GoogleAnalyticsObject']=r;i[r]=i[r]||function(){\n  (i[r].q=i[r].q||[]).push(arguments)},i[r].l=1*new Date();a=s.createElement(o),\n  m=s.getElementsByTagName(o)[0];a.async=1;a.src=g;m.parentNode.insertBefore(a,m)\n  })(window,document,'script','\/\/www.google-analytics.com\/analytics.js','ga');<\/p>\n<p>  ga('create', 'UA-59664093-1', 'auto');\n  ga('send', 'pageview');<\/p>\n<p><\/script><!--themify_builder_content-->\n<div id=\"themify_builder_content-3025\" data-postid=\"3025\" class=\"themify_builder_content themify_builder_content-3025 themify_builder tf_clear\">\n                    <div  data-lazy=\"1\" class=\"module_row themify_builder_row tb_pcdq992 tb_first tf_w\">\n                        <div class=\"row_inner col_align_top tb_col_count_1 tf_box tf_rel\">\n                        <div  data-lazy=\"1\" class=\"module_column tb-column col-full  tb_kbum589 first\">\n                            <div  data-lazy=\"1\" class=\"module_subrow themify_builder_sub_row tf_w col_align_top tb_col_count_2 tb_ihh6829\">\n                <div  data-lazy=\"1\" class=\"module_column sub_column col4-2  tb_lcm0262 first\">\n                    <!-- module text -->\n<div  class=\"module module-text tb_o02y098   \" data-lazy=\"1\">\n        <div  class=\"tb_text_wrap\">\n        <p style=\"text-align: justify;\">Le Heliconius erato est un insecte l\u00e9pidopt\u00e8re appartenant \u00e0 la famille des Nymphalidae, \u00e0 la sous-famille des Heliconiinae et au genre Heliconius.<\/p><p style=\"text-align: justify;\">C&rsquo;est un tr\u00e8s grand papillon noir qui pr\u00e9sente de fortes diff\u00e9rences suivant les sous-esp\u00e8ces avec des ornementations variables.<\/p><p style=\"text-align: justify;\">\u00a0<\/p><p style=\"text-align: justify;\">\u00a0<\/p>    <\/div>\n<\/div>\n<!-- \/module text -->        <\/div>\n                    <div  data-lazy=\"1\" class=\"module_column sub_column col4-2  tb_pnkp118 last\">\n                    <!-- module image -->\n<div  class=\"module module-image tb_qz3y088 image-right rounded  tf_mw\" data-lazy=\"1\">\n        <div class=\"image-wrap tf_rel tf_mw\">\n            <img loading=\"lazy\" decoding=\"async\" src=\"http:\/\/smorel-photo.com\/blog\/wp-content\/uploads\/2015\/01\/IMG_8074-1024x683-300x200.jpg\" width=\"300\" height=\"200\" class=\"wp-post-image wp-image-2697\" title=\"Heliconius erato microclea\" alt=\"Heliconius erato microclea\" srcset=\"http:\/\/smorel-photo.com\/blog\/wp-content\/uploads\/2015\/01\/IMG_8074-1024x683-300x200.jpg 300w, http:\/\/smorel-photo.com\/blog\/wp-content\/uploads\/2015\/01\/IMG_8074-1024x683.jpg 1024w\" sizes=\"auto, (max-width: 300px) 100vw, 300px\" \/>    \n        <\/div>\n    <!-- \/image-wrap -->\n    \n        <\/div>\n<!-- \/module image -->        <\/div>\n                    <\/div>\n                <\/div>\n                        <\/div>\n        <\/div>\n                        <div  data-lazy=\"1\" class=\"module_row themify_builder_row tb_ai8m998 tf_w\">\n                        <div class=\"row_inner col_align_top tb_col_count_1 tf_box tf_rel\">\n                        <div  data-lazy=\"1\" class=\"module_column tb-column col-full  tb_p0j3780 first\">\n                    <!-- module text -->\n<div  class=\"module module-text tb_suu8973   \" data-lazy=\"1\">\n        <div  class=\"tb_text_wrap\">\n        <p style=\"text-align: justify;\">Ce papillon vole toute l&rsquo;ann\u00e9e.<\/p><p style=\"text-align: justify;\">Les plantes h\u00f4tes sont des Passiflora ou passiflore, dont Passiflora coreacea et Passiflora talamancensis.<\/p><p style=\"text-align: justify;\">\u00a0<\/p><p style=\"text-align: justify;\">\u00a0<\/p><p style=\"text-align: justify;\">\u00a0<\/p><p style=\"text-align: justify;\">\u00a0<\/p><p style=\"text-align: justify;\">Son habitat est la for\u00eat tropicale et les deux versants des Andes. Il r\u00e9side au Mexique, en Am\u00e9rique centrale et dans presque toute l&rsquo;Am\u00e9rique du Sud, le bassin amazonien Panama, Costa Rica, Bolivie, P\u00e9rou, \u00c9quateur, Nicaragua Colombie, Venezuela, Surinam, Guyane fran\u00e7aise, Guyana et Bolivie, Br\u00e9sil, P\u00e9rou, Paraguay et Argentine.<sup id=\"cite_ref-funet_1-2\" class=\"reference\"><\/sup><\/p><p style=\"text-align: justify;\">\u00a0<\/p><p style=\"text-align: justify;\">\u00a0<\/p>    <\/div>\n<\/div>\n<!-- \/module text -->        <\/div>\n                        <\/div>\n        <\/div>\n                        <div  data-lazy=\"1\" class=\"module_row themify_builder_row tb_gpih022 tf_w\">\n                        <div class=\"row_inner col_align_top tb_col_count_1 tf_box tf_rel\">\n                        <div  data-lazy=\"1\" class=\"module_column tb-column col-full   tb_9rwo202 first\">\n                    <!-- module text -->\n<div  class=\"module module-text tb_devv923   \" data-lazy=\"1\">\n        <div  class=\"tb_text_wrap\">\n        <p>\u00a0<\/p><p><a href=\"http:\/\/smorel-photo.com\/blog\/blog\/\">Retour vers la page de pr\u00e9sentation des papillons \u21b5<\/a><\/p>    <\/div>\n<\/div>\n<!-- \/module text -->        <\/div>\n                        <\/div>\n        <\/div>\n        <\/div>\n<!--\/themify_builder_content-->","protected":false},"excerpt":{"rendered":"<p>Le Heliconius erato est un insecte l\u00e9pidopt\u00e8re appartenant \u00e0 la famille des Nymphalidae, \u00e0 la sous-famille des Heliconiinae et au genre Heliconius. C&rsquo;est un tr\u00e8s grand papillon noir qui pr\u00e9sente de fortes diff\u00e9rences suivant les sous-esp\u00e8ces avec des ornementations variables. \u00a0 \u00a0 Ce papillon vole toute l&rsquo;ann\u00e9e. Les plantes h\u00f4tes sont des Passiflora ou passiflore, [&hellip;]<\/p>\n","protected":false},"author":1,"featured_media":0,"parent":0,"menu_order":0,"comment_status":"open","ping_status":"open","template":"","meta":{"footnotes":""},"class_list":["post-3025","page","type-page","status-publish","hentry","has-post-title","has-post-date","has-post-category","has-post-tag","has-post-comment","has-post-author",""],"aioseo_notices":[],"builder_content":"<p style=\"text-align: justify;\">Le Heliconius erato est un insecte l\u00e9pidopt\u00e8re appartenant \u00e0 la famille des Nymphalidae, \u00e0 la sous-famille des Heliconiinae et au genre Heliconius.<\/p><p style=\"text-align: justify;\">C'est un tr\u00e8s grand papillon noir qui pr\u00e9sente de fortes diff\u00e9rences suivant les sous-esp\u00e8ces avec des ornementations variables.<\/p><p style=\"text-align: justify;\">\u00a0<\/p><p style=\"text-align: justify;\">\u00a0<\/p>\n<img src=\"http:\/\/smorel-photo.com\/blog\/wp-content\/uploads\/2015\/01\/IMG_8074-1024x683-300x200.jpg\" width=\"300\" height=\"200\" title=\"Heliconius erato microclea\" alt=\"Heliconius erato microclea\" srcset=\"http:\/\/smorel-photo.com\/blog\/wp-content\/uploads\/2015\/01\/IMG_8074-1024x683-300x200.jpg 300w, http:\/\/smorel-photo.com\/blog\/wp-content\/uploads\/2015\/01\/IMG_8074-1024x683.jpg 1024w\" sizes=\"(max-width: 300px) 100vw, 300px\" \/>\n<p style=\"text-align: justify;\">Ce papillon vole toute l'ann\u00e9e.<\/p><p style=\"text-align: justify;\">Les plantes h\u00f4tes sont des Passiflora ou passiflore, dont Passiflora coreacea et Passiflora talamancensis.<\/p><p style=\"text-align: justify;\">\u00a0<\/p><p style=\"text-align: justify;\">\u00a0<\/p><p style=\"text-align: justify;\">\u00a0<\/p><p style=\"text-align: justify;\">\u00a0<\/p><p style=\"text-align: justify;\">Son habitat est la for\u00eat tropicale et les deux versants des Andes. Il r\u00e9side au Mexique, en Am\u00e9rique centrale et dans presque toute l'Am\u00e9rique du Sud, le bassin amazonien Panama, Costa Rica, Bolivie, P\u00e9rou, \u00c9quateur, Nicaragua Colombie, Venezuela, Surinam, Guyane fran\u00e7aise, Guyana et Bolivie, Br\u00e9sil, P\u00e9rou, Paraguay et Argentine.<sup id=\"cite_ref-funet_1-2\"><\/sup><\/p><p style=\"text-align: justify;\">\u00a0<\/p><p style=\"text-align: justify;\">\u00a0<\/p>\n<p>\u00a0<\/p><p><a href=\"http:\/\/smorel-photo.com\/blog\/blog\/\">Retour vers la page de pr\u00e9sentation des papillons \u21b5<\/a><\/p>","_links":{"self":[{"href":"http:\/\/smorel-photo.com\/blog\/wp-json\/wp\/v2\/pages\/3025","targetHints":{"allow":["GET"]}}],"collection":[{"href":"http:\/\/smorel-photo.com\/blog\/wp-json\/wp\/v2\/pages"}],"about":[{"href":"http:\/\/smorel-photo.com\/blog\/wp-json\/wp\/v2\/types\/page"}],"author":[{"embeddable":true,"href":"http:\/\/smorel-photo.com\/blog\/wp-json\/wp\/v2\/users\/1"}],"replies":[{"embeddable":true,"href":"http:\/\/smorel-photo.com\/blog\/wp-json\/wp\/v2\/comments?post=3025"}],"version-history":[{"count":3,"href":"http:\/\/smorel-photo.com\/blog\/wp-json\/wp\/v2\/pages\/3025\/revisions"}],"predecessor-version":[{"id":3179,"href":"http:\/\/smorel-photo.com\/blog\/wp-json\/wp\/v2\/pages\/3025\/revisions\/3179"}],"wp:attachment":[{"href":"http:\/\/smorel-photo.com\/blog\/wp-json\/wp\/v2\/media?parent=3025"}],"curies":[{"name":"wp","href":"https:\/\/api.w.org\/{rel}","templated":true}]}}