{"id":3035,"date":"2015-02-10T10:39:29","date_gmt":"2015-02-10T10:39:29","guid":{"rendered":"http:\/\/smorel-photo.com\/blog\/?page_id=3035"},"modified":"2021-02-15T13:15:01","modified_gmt":"2021-02-15T13:15:01","slug":"marais-de-vigueirat-presentation","status":"publish","type":"page","link":"http:\/\/smorel-photo.com\/blog\/marais-de-vigueirat-presentation\/","title":{"rendered":"Marais de Vigueirat : pr\u00e9sentation"},"content":{"rendered":"<p><a href=\"http:\/\/smorel-photo.com\/blog\/wp-content\/uploads\/2015\/01\/IMG_9920_DxO.jpg\"><img loading=\"lazy\" decoding=\"async\" class=\"aligncenter wp-image-2748\" src=\"http:\/\/smorel-photo.com\/blog\/wp-content\/uploads\/2015\/01\/IMG_9920_DxO-300x200.jpg\" alt=\"Marais Vigueirat Reflet 2\" width=\"400\" height=\"267\" srcset=\"http:\/\/smorel-photo.com\/blog\/wp-content\/uploads\/2015\/01\/IMG_9920_DxO-300x200.jpg 300w, http:\/\/smorel-photo.com\/blog\/wp-content\/uploads\/2015\/01\/IMG_9920_DxO-1024x683.jpg 1024w\" sizes=\"auto, (max-width: 400px) 100vw, 400px\" \/><\/a><script>\/\/ <![CDATA[\n  (function(i,s,o,g,r,a,m){i['GoogleAnalyticsObject']=r;i[r]=i[r]||function(){\n  (i[r].q=i[r].q||[]).push(arguments)},i[r].l=1*new Date();a=s.createElement(o),\n  m=s.getElementsByTagName(o)[0];a.async=1;a.src=g;m.parentNode.insertBefore(a,m)\n  })(window,document,'script','\/\/www.google-analytics.com\/analytics.js','ga');\n\n  ga('create', 'UA-59664093-1', 'auto');\n  ga('send', 'pageview');\n\n\/\/ ]]><\/script><!--themify_builder_content-->\n<div id=\"themify_builder_content-3035\" data-postid=\"3035\" class=\"themify_builder_content themify_builder_content-3035 themify_builder tf_clear\">\n                    <div  data-lazy=\"1\" class=\"module_row themify_builder_row tb_ba3eb72 tb_first tf_w\">\n                        <div class=\"row_inner col_align_top tb_col_count_1 tf_box tf_rel\">\n                        <div  data-lazy=\"1\" class=\"module_column tb-column col-full tb_c3eedcd first\">\n                    <!-- module text -->\n<div  class=\"module module-text tb_8edb52c  repeat \" data-lazy=\"1\">\n        <div  class=\"tb_text_wrap\">\n        <p style=\"text-align: justify;\">Les photos ont \u00e9t\u00e9 prises, lors d&rsquo;un stage de 2 jours au Marais de Vigueirat sous la tutelle du photographe David Tatin.<\/p>\n<p style=\"text-align: justify;\">David Tatin est un photographe et naturaliste, qui a travaill\u00e9 pendant 17 ans dans la protection de la nature.<\/p>\n<p style=\"text-align: justify;\">Il collabore depuis 10 ans avec l&rsquo;agence Biosphoto, ce qui fait de lui un photographe naturaliste exp\u00e9riment\u00e9.<\/p>\n<p style=\"text-align: justify;\">Vous pouvez retrouver son parcours et ses oeuvres ici : <a href=\"http:\/\/www.davidtatin.com\" target=\"_blank\" rel=\"noopener\">http:\/\/www.davidtatin.com<\/a><\/p>\n<p style=\"text-align: justify;\">En ce qui concerne le Marais de Vigueirat, celui-ci est un site naturel prot\u00e9g\u00e9 de 1200 hectares.<\/p>\n<p style=\"text-align: justify;\">Il poss\u00e8de une biodiversit\u00e9 exceptionnelle, o\u00f9 plus de 2000 esp\u00e8ces animales et v\u00e9g\u00e9tales ont \u00e9t\u00e9 recens\u00e9es :<\/p>\n<p style=\"text-align: justify;\">Plus de 300 esp\u00e8ces d&rsquo;oiseaux, 41 esp\u00e8ces de mammif\u00e8res, 1500 esp\u00e8ces d&rsquo;insectes et 885 esp\u00e8ces de v\u00e9g\u00e9taux.<\/p>\n<p style=\"text-align: justify;\"><span style=\"text-decoration: underline;\">Pour s&rsquo;y rendre<\/span> :<\/p>\n<p style=\"text-align: justify;\">Les Marais du Vigueirat<\/p>\n<p style=\"text-align: justify;\">Chemin de l\u2019Etourneau<\/p>\n<p style=\"text-align: justify;\">Mas Thibert&nbsp; 13104 Arles<\/p>\n<p style=\"text-align: justify;\"><span style=\"text-decoration: underline;\">Coordonn\u00e9es GPS<\/span> :<\/p>\n<p style=\"text-align: justify;\">Latitude =&nbsp;43.535561 <br>Longitude = 4.751691<\/p>\n<p style=\"text-align: justify;\"><span style=\"text-decoration: underline;\">Pour le d\u00e9couvrir, rendez-vous sur le site<\/span> : <a href=\"http:\/\/www.marais-vigueirat.reserves-naturelles.fr\/\" target=\"_blank\" rel=\"noopener\">www.marais-vigueirat.reserves-naturelles.fr<\/a><\/p>\n<hr>\n<h2 style=\"text-align: center;\"><img loading=\"lazy\" decoding=\"async\" class=\"aligncenter size-medium wp-image-7009\" src=\"http:\/\/smorel-photo.com\/blog\/wp-content\/uploads\/2019\/04\/GaleriePhoto-300x187.gif\" alt=\"\" width=\"300\" height=\"187\"><a href=\"http:\/\/smorel-photo.com\/blog\/galeries-photos\/\">Voir la galerie photos du Marais<\/a>\u21b5<\/h2>\n<p style=\"text-align: justify;\">&nbsp;<\/p>    <\/div>\n<\/div>\n<!-- \/module text -->        <\/div>\n                        <\/div>\n        <\/div>\n        <\/div>\n<!--\/themify_builder_content-->","protected":false},"excerpt":{"rendered":"<p>Les photos ont \u00e9t\u00e9 prises, lors d&rsquo;un stage de 2 jours au Marais de Vigueirat sous la tutelle du photographe David Tatin. David Tatin est un photographe et naturaliste, qui a travaill\u00e9 pendant 17 ans dans la protection de la nature. Il collabore depuis 10 ans avec l&rsquo;agence Biosphoto, ce qui fait de lui un [&hellip;]<\/p>\n","protected":false},"author":1,"featured_media":0,"parent":0,"menu_order":0,"comment_status":"open","ping_status":"open","template":"","meta":{"footnotes":""},"class_list":["post-3035","page","type-page","status-publish","hentry","has-post-title","has-post-date","has-post-category","has-post-tag","has-post-comment","has-post-author",""],"aioseo_notices":[],"builder_content":"<p style=\"text-align: justify;\">Les photos ont \u00e9t\u00e9 prises, lors d'un stage de 2 jours au Marais de Vigueirat sous la tutelle du photographe David Tatin.<\/p> <p style=\"text-align: justify;\">David Tatin est un photographe et naturaliste, qui a travaill\u00e9 pendant 17 ans dans la protection de la nature.<\/p> <p style=\"text-align: justify;\">Il collabore depuis 10 ans avec l'agence Biosphoto, ce qui fait de lui un photographe naturaliste exp\u00e9riment\u00e9.<\/p> <p style=\"text-align: justify;\">Vous pouvez retrouver son parcours et ses oeuvres ici : <a href=\"http:\/\/www.davidtatin.com\" target=\"_blank\" rel=\"noopener\">http:\/\/www.davidtatin.com<\/a><\/p> <p style=\"text-align: justify;\">En ce qui concerne le Marais de Vigueirat, celui-ci est un site naturel prot\u00e9g\u00e9 de 1200 hectares.<\/p> <p style=\"text-align: justify;\">Il poss\u00e8de une biodiversit\u00e9 exceptionnelle, o\u00f9 plus de 2000 esp\u00e8ces animales et v\u00e9g\u00e9tales ont \u00e9t\u00e9 recens\u00e9es :<\/p> <p style=\"text-align: justify;\">Plus de 300 esp\u00e8ces d'oiseaux, 41 esp\u00e8ces de mammif\u00e8res, 1500 esp\u00e8ces d'insectes et 885 esp\u00e8ces de v\u00e9g\u00e9taux.<\/p> <p style=\"text-align: justify;\">Pour s'y rendre :<\/p> <p style=\"text-align: justify;\">Les Marais du Vigueirat<\/p> <p style=\"text-align: justify;\">Chemin de l\u2019Etourneau<\/p> <p style=\"text-align: justify;\">Mas Thibert&nbsp; 13104 Arles<\/p> <p style=\"text-align: justify;\">Coordonn\u00e9es GPS :<\/p> <p style=\"text-align: justify;\">Latitude =&nbsp;43.535561 <br>Longitude = 4.751691<\/p> <p style=\"text-align: justify;\">Pour le d\u00e9couvrir, rendez-vous sur le site : <a href=\"http:\/\/www.marais-vigueirat.reserves-naturelles.fr\/\" target=\"_blank\" rel=\"noopener\">www.marais-vigueirat.reserves-naturelles.fr<\/a><\/p> <hr> <h2 style=\"text-align: center;\"><img loading=\"lazy\" decoding=\"async\" src=\"http:\/\/smorel-photo.com\/blog\/wp-content\/uploads\/2019\/04\/GaleriePhoto-300x187.gif\" alt=\"\" width=\"300\" height=\"187\"><a href=\"http:\/\/smorel-photo.com\/blog\/galeries-photos\/\">Voir la galerie photos du Marais<\/a>\u21b5<\/h2> <p style=\"text-align: justify;\">&nbsp;<\/p>","_links":{"self":[{"href":"http:\/\/smorel-photo.com\/blog\/wp-json\/wp\/v2\/pages\/3035","targetHints":{"allow":["GET"]}}],"collection":[{"href":"http:\/\/smorel-photo.com\/blog\/wp-json\/wp\/v2\/pages"}],"about":[{"href":"http:\/\/smorel-photo.com\/blog\/wp-json\/wp\/v2\/types\/page"}],"author":[{"embeddable":true,"href":"http:\/\/smorel-photo.com\/blog\/wp-json\/wp\/v2\/users\/1"}],"replies":[{"embeddable":true,"href":"http:\/\/smorel-photo.com\/blog\/wp-json\/wp\/v2\/comments?post=3035"}],"version-history":[{"count":7,"href":"http:\/\/smorel-photo.com\/blog\/wp-json\/wp\/v2\/pages\/3035\/revisions"}],"predecessor-version":[{"id":7402,"href":"http:\/\/smorel-photo.com\/blog\/wp-json\/wp\/v2\/pages\/3035\/revisions\/7402"}],"wp:attachment":[{"href":"http:\/\/smorel-photo.com\/blog\/wp-json\/wp\/v2\/media?parent=3035"}],"curies":[{"name":"wp","href":"https:\/\/api.w.org\/{rel}","templated":true}]}}