{"id":3160,"date":"2015-02-11T11:23:17","date_gmt":"2015-02-11T11:23:17","guid":{"rendered":"http:\/\/smorel-photo.com\/blog\/kallima-paralekta-copy\/"},"modified":"2019-11-19T14:30:04","modified_gmt":"2019-11-19T14:30:04","slug":"colobura-dirce","status":"publish","type":"page","link":"http:\/\/smorel-photo.com\/blog\/colobura-dirce\/","title":{"rendered":"Colobura dirce"},"content":{"rendered":"<p><script>\n  (function(i,s,o,g,r,a,m){i['GoogleAnalyticsObject']=r;i[r]=i[r]||function(){\n  (i[r].q=i[r].q||[]).push(arguments)},i[r].l=1*new Date();a=s.createElement(o),\n  m=s.getElementsByTagName(o)[0];a.async=1;a.src=g;m.parentNode.insertBefore(a,m)\n  })(window,document,'script','\/\/www.google-analytics.com\/analytics.js','ga');<\/p>\n<p>  ga('create', 'UA-59664093-1', 'auto');\n  ga('send', 'pageview');<\/p>\n<p><\/script><!--themify_builder_content-->\n<div id=\"themify_builder_content-3160\" data-postid=\"3160\" class=\"themify_builder_content themify_builder_content-3160 themify_builder tf_clear\">\n                    <div  data-lazy=\"1\" class=\"module_row themify_builder_row tb_5t5u575 tb_first tf_w\">\n                        <div class=\"row_inner col_align_top tb_col_count_1 tf_box tf_rel\">\n                        <div  data-lazy=\"1\" class=\"module_column tb-column col-full  tb_nld7019 first\">\n                            <div  data-lazy=\"1\" class=\"module_subrow themify_builder_sub_row tf_w col_align_top tb_col_count_2 tb_wjms799\">\n                <div  data-lazy=\"1\" class=\"module_column sub_column col4-2  tb_fjub015 first\">\n                    <!-- module text -->\n<div  class=\"module module-text tb_qum4010   \" data-lazy=\"1\">\n        <div  class=\"tb_text_wrap\">\n        <p style=\"text-align: justify;\">Le Colobura dirce, est un insecte l\u00e9pidopt\u00e8re de la famille des Nymphalidae, de la sous-famille des Nymphalinae, de la tribu des Nymphalini, et du genre Colobura.<\/p><p style=\"text-align: justify;\">C&rsquo;est un papillon de taille moyenne avec une envergure d&rsquo;environ 6 cm.<\/p><p style=\"text-align: justify;\">La chenille de Colobura dirce, se nourrit de plantes du genre Cecropia, qui regroupe des arbres dio\u00efques de la famille des Cecropiaceae, ou des Urticaceae selon la classification phylog\u00e9n\u00e9tique.<\/p><p style=\"text-align: justify;\">Il <span lang=\"FR\">se nourrit du jus de fruits pourris, de jus de cadavre en d\u00e9composition, et d\u2019excr\u00e9ments.<\/span><\/p>    <\/div>\n<\/div>\n<!-- \/module text -->        <\/div>\n                    <div  data-lazy=\"1\" class=\"module_column sub_column col4-2  tb_5eek007 last\">\n                    <!-- module image -->\n<div  class=\"module module-image tb_8lou763 image-right rounded  tf_mw\" data-lazy=\"1\">\n        <div class=\"image-wrap tf_rel tf_mw\">\n            <img loading=\"lazy\" decoding=\"async\" src=\"http:\/\/smorel-photo.com\/blog\/wp-content\/uploads\/2015\/01\/IMG_8101_DxO-1024x683-300x200.jpg\" width=\"300\" height=\"200\" class=\"wp-post-image wp-image-2704\" title=\"Colobura dirce\" alt=\"Colobura dirce\" srcset=\"http:\/\/smorel-photo.com\/blog\/wp-content\/uploads\/2015\/01\/IMG_8101_DxO-1024x683-300x200.jpg 300w, http:\/\/smorel-photo.com\/blog\/wp-content\/uploads\/2015\/01\/IMG_8101_DxO-1024x683.jpg 1024w\" sizes=\"auto, (max-width: 300px) 100vw, 300px\" \/>    \n        <\/div>\n    <!-- \/image-wrap -->\n    \n        <\/div>\n<!-- \/module image -->        <\/div>\n                    <\/div>\n                <\/div>\n                        <\/div>\n        <\/div>\n                        <div  data-lazy=\"1\" class=\"module_row themify_builder_row tb_iemo101 tf_w\">\n                        <div class=\"row_inner col_align_top tb_col_count_1 tf_box tf_rel\">\n                        <div  data-lazy=\"1\" class=\"module_column tb-column col-full  tb_hnby019 first\">\n                    <!-- module text -->\n<div  class=\"module module-text tb_6og5302   \" data-lazy=\"1\">\n        <div  class=\"tb_text_wrap\">\n        <p>\u00a0<\/p><p>\u00a0<\/p><p>\u00a0<\/p><p>C&rsquo;est un papillon diurne, actif toute la journ\u00e9e. Vers midi, m\u00e2les et femelles se perchent la t\u00eate en bas \u00e0 3-8 m\u00e8tres du sol.<\/p><p style=\"text-align: justify;\">Il r\u00e9side dans les for\u00eats. Il est est pr\u00e9sent en Am\u00e9rique centrale, en Am\u00e9rique du Sud (Guyane), et aux Cara\u00efbes ( Cuba, Jama\u00efque, Ha\u00efti).<\/p><p style=\"text-align: justify;\">\u00a0<\/p>    <\/div>\n<\/div>\n<!-- \/module text -->        <\/div>\n                        <\/div>\n        <\/div>\n                        <div  data-lazy=\"1\" class=\"module_row themify_builder_row tb_llst200 tf_w\">\n                        <div class=\"row_inner col_align_top tb_col_count_1 tf_box tf_rel\">\n                        <div  data-lazy=\"1\" class=\"module_column tb-column col-full   tb_32nb726 first\">\n                    <!-- module text -->\n<div  class=\"module module-text tb_scwp209   \" data-lazy=\"1\">\n        <div  class=\"tb_text_wrap\">\n        <p>\u00a0<\/p><p><a href=\"http:\/\/smorel-photo.com\/blog\/blog\/\">Retour vers la page de pr\u00e9sentation des papillons \u21b5<\/a><\/p>    <\/div>\n<\/div>\n<!-- \/module text -->        <\/div>\n                        <\/div>\n        <\/div>\n        <\/div>\n<!--\/themify_builder_content-->","protected":false},"excerpt":{"rendered":"<p>Le Colobura dirce, est un insecte l\u00e9pidopt\u00e8re de la famille des Nymphalidae, de la sous-famille des Nymphalinae, de la tribu des Nymphalini, et du genre Colobura. C&rsquo;est un papillon de taille moyenne avec une envergure d&rsquo;environ 6 cm. La chenille de Colobura dirce, se nourrit de plantes du genre Cecropia, qui regroupe des arbres dio\u00efques [&hellip;]<\/p>\n","protected":false},"author":1,"featured_media":0,"parent":0,"menu_order":0,"comment_status":"open","ping_status":"open","template":"","meta":{"footnotes":""},"class_list":["post-3160","page","type-page","status-publish","hentry","has-post-title","has-post-date","has-post-category","has-post-tag","has-post-comment","has-post-author",""],"aioseo_notices":[],"builder_content":"<p style=\"text-align: justify;\">Le Colobura dirce, est un insecte l\u00e9pidopt\u00e8re de la famille des Nymphalidae, de la sous-famille des Nymphalinae, de la tribu des Nymphalini, et du genre Colobura.<\/p><p style=\"text-align: justify;\">C'est un papillon de taille moyenne avec une envergure d'environ 6 cm.<\/p><p style=\"text-align: justify;\">La chenille de Colobura dirce, se nourrit de plantes du genre Cecropia, qui regroupe des arbres dio\u00efques de la famille des Cecropiaceae, ou des Urticaceae selon la classification phylog\u00e9n\u00e9tique.<\/p><p style=\"text-align: justify;\">Il se nourrit du jus de fruits pourris, de jus de cadavre en d\u00e9composition, et d\u2019excr\u00e9ments.<\/p>\n<img src=\"http:\/\/smorel-photo.com\/blog\/wp-content\/uploads\/2015\/01\/IMG_8101_DxO-1024x683-300x200.jpg\" width=\"300\" height=\"200\" title=\"Colobura dirce\" alt=\"Colobura dirce\" srcset=\"http:\/\/smorel-photo.com\/blog\/wp-content\/uploads\/2015\/01\/IMG_8101_DxO-1024x683-300x200.jpg 300w, http:\/\/smorel-photo.com\/blog\/wp-content\/uploads\/2015\/01\/IMG_8101_DxO-1024x683.jpg 1024w\" sizes=\"(max-width: 300px) 100vw, 300px\" \/>\n<p>\u00a0<\/p><p>\u00a0<\/p><p>\u00a0<\/p><p>C'est un papillon diurne, actif toute la journ\u00e9e. Vers midi, m\u00e2les et femelles se perchent la t\u00eate en bas \u00e0 3-8 m\u00e8tres du sol.<\/p><p style=\"text-align: justify;\">Il r\u00e9side dans les for\u00eats. Il est est pr\u00e9sent en Am\u00e9rique centrale, en Am\u00e9rique du Sud (Guyane), et aux Cara\u00efbes ( Cuba, Jama\u00efque, Ha\u00efti).<\/p><p style=\"text-align: justify;\">\u00a0<\/p>\n<p>\u00a0<\/p><p><a href=\"http:\/\/smorel-photo.com\/blog\/blog\/\">Retour vers la page de pr\u00e9sentation des papillons \u21b5<\/a><\/p>","_links":{"self":[{"href":"http:\/\/smorel-photo.com\/blog\/wp-json\/wp\/v2\/pages\/3160","targetHints":{"allow":["GET"]}}],"collection":[{"href":"http:\/\/smorel-photo.com\/blog\/wp-json\/wp\/v2\/pages"}],"about":[{"href":"http:\/\/smorel-photo.com\/blog\/wp-json\/wp\/v2\/types\/page"}],"author":[{"embeddable":true,"href":"http:\/\/smorel-photo.com\/blog\/wp-json\/wp\/v2\/users\/1"}],"replies":[{"embeddable":true,"href":"http:\/\/smorel-photo.com\/blog\/wp-json\/wp\/v2\/comments?post=3160"}],"version-history":[{"count":3,"href":"http:\/\/smorel-photo.com\/blog\/wp-json\/wp\/v2\/pages\/3160\/revisions"}],"predecessor-version":[{"id":3193,"href":"http:\/\/smorel-photo.com\/blog\/wp-json\/wp\/v2\/pages\/3160\/revisions\/3193"}],"wp:attachment":[{"href":"http:\/\/smorel-photo.com\/blog\/wp-json\/wp\/v2\/media?parent=3160"}],"curies":[{"name":"wp","href":"https:\/\/api.w.org\/{rel}","templated":true}]}}