{"id":3408,"date":"2015-03-09T15:52:04","date_gmt":"2015-03-09T15:52:04","guid":{"rendered":"http:\/\/smorel-photo.com\/blog\/bambouseraie-danduze-presentation-copy\/"},"modified":"2021-02-15T13:15:52","modified_gmt":"2021-02-15T13:15:52","slug":"grece-presentation","status":"publish","type":"page","link":"http:\/\/smorel-photo.com\/blog\/grece-presentation\/","title":{"rendered":"Ath\u00e8nes et Santorin: pr\u00e9sentation"},"content":{"rendered":"<p style=\"text-align: center;\"><a href=\"http:\/\/smorel-photo.com\/blog\/wp-content\/uploads\/2015\/03\/IMG_9048.jpg\"><img loading=\"lazy\" decoding=\"async\" class=\"aligncenter wp-image-3545\" src=\"http:\/\/smorel-photo.com\/blog\/wp-content\/uploads\/2015\/03\/IMG_9048-300x200.jpg\" alt=\"IMG_9048\" width=\"400\" height=\"267\" srcset=\"http:\/\/smorel-photo.com\/blog\/wp-content\/uploads\/2015\/03\/IMG_9048-300x200.jpg 300w, http:\/\/smorel-photo.com\/blog\/wp-content\/uploads\/2015\/03\/IMG_9048-1024x683.jpg 1024w\" sizes=\"auto, (max-width: 400px) 100vw, 400px\" \/><\/a><script>\/\/ <![CDATA[\n(function(i,s,o,g,r,a,m){i['GoogleAnalyticsObject']=r;i[r]=i[r]||function(){\n  (i[r].q=i[r].q||[]).push(arguments)},i[r].l=1*new Date();a=s.createElement(o),\n  m=s.getElementsByTagName(o)[0];a.async=1;a.src=g;m.parentNode.insertBefore(a,m)\n  })(window,document,'script','\/\/www.google-analytics.com\/analytics.js','ga');\n\n  ga('create', 'UA-59664093-1', 'auto');\n  ga('send', 'pageview');\n\n\/\/ ]]><\/script><\/p>\n<!--themify_builder_content-->\n<div id=\"themify_builder_content-3408\" data-postid=\"3408\" class=\"themify_builder_content themify_builder_content-3408 themify_builder tf_clear\">\n                    <div  data-lazy=\"1\" class=\"module_row themify_builder_row tb_f9df93b tb_first tf_w\">\n                        <div class=\"row_inner col_align_top tb_col_count_1 tf_box tf_rel\">\n                        <div  data-lazy=\"1\" class=\"module_column tb-column col-full tb_20d090a first\">\n                    <!-- module text -->\n<div  class=\"module module-text tb_2b7b971   \" data-lazy=\"1\">\n        <div  class=\"tb_text_wrap\">\n        <p>\u00a0<\/p><p style=\"text-align: justify;\">Ce fut notre voyage de noce.<\/p><p style=\"text-align: justify;\">Nous voulions un voyage sur mesure, avec une escale sur l&rsquo;\u00eele de Santorin pendant 4 jours.<\/p><p style=\"text-align: justify;\">Apr\u00e8s quelques recherches sur internet, nous sommes tomb\u00e9s sur le site Grecevacances.com<\/p><p style=\"text-align: justify;\">Echanges de mails avec les personnes, qui nous ont rassur\u00e9, tant par leur rapidit\u00e9 de r\u00e9ponses que par le c\u00f4t\u00e9 \u00ab\u00a0amical\u00a0\u00bb que l&rsquo;on pouvait ressentir.<\/p><p style=\"text-align: justify;\">On ne voulait pas se tromper et Grecevacances.com nous a fait un programme comme on voulait et m\u00eame plus.<\/p><p style=\"text-align: justify;\">Sofia et Patrick furent aux petits soins avec nous. Gestion des transferts en voiture priv\u00e9e, visites guid\u00e9es de recoins insoup\u00e7onn\u00e9s de la capitale, surprises &#8230; Ce fut magique.<\/p><p style=\"text-align: justify;\">Nos pas nous ont ammen\u00e9 sur le site de pos\u00e9idon au cap Sounio (Id\u00e9al pour les photos de couch\u00e9s de soleil); \u00e0 l&rsquo;Acropole; au mus\u00e9e de l&rsquo;Acropole; au jardin national; au quartier historique de Plaka; au quartier de Gazi (la nuit avec ses bars \u00ab\u00a0branch\u00e9s\u00a0\u00bb); au stade de Panath\u00e9n\u00e9es &#8230;<\/p><p style=\"text-align: justify;\">\u00a0Sur l&rsquo;\u00eele de Santorin avec ses maisons blanches et bleues perch\u00e9es, il y eut Oia (le plus beau village de l&rsquo;\u00eele); Pyrgos; Im\u00e9rovigli; Fira; le site arch\u00e9ologique d&rsquo;Akrotiri; la red Beach (avec ses falaises rouges); Kamari (plage volcanique) &#8230;<\/p><p style=\"text-align: justify;\">Destination magique \u00e0 ne pas manquer et nous ne manquerons pas d&rsquo;y retourner !<\/p><p>\u00a0<span style=\"text-decoration: underline;\">Pour d\u00e9couvrir le site organisateur, rendez-vous sur<\/span> : <a href=\"http:\/\/www.grecevacances.com\" target=\"_blank\">http:\/\/www.grecevacances.com<\/a><\/p><hr \/>    <\/div>\n<\/div>\n<!-- \/module text -->        <\/div>\n                        <\/div>\n        <\/div>\n                        <div  data-lazy=\"1\" class=\"module_row themify_builder_row tb_1f1b15f tf_w\">\n                        <div class=\"row_inner col_align_top tb_col_count_1 tf_box tf_rel\">\n                        <div  data-lazy=\"1\" class=\"module_column tb-column col-full tb_e00fa02 first\">\n                    <!-- module text -->\n<div  class=\"module module-text tb_68e9e4b  repeat \" data-lazy=\"1\">\n        <div  class=\"tb_text_wrap\">\n        <h2 style=\"text-align: center;\"><a href=\"http:\/\/smorel-photo.com\/blog\/galeries-photos\/\"><img loading=\"lazy\" decoding=\"async\" class=\"aligncenter size-medium wp-image-7009\" src=\"http:\/\/smorel-photo.com\/blog\/wp-content\/uploads\/2019\/04\/GaleriePhoto-300x187.gif\" alt=\"\" width=\"300\" height=\"187\">Voir la galerie photos de la Gr\u00e8ce \u21b5<\/a><\/h2>    <\/div>\n<\/div>\n<!-- \/module text -->        <\/div>\n                        <\/div>\n        <\/div>\n        <\/div>\n<!--\/themify_builder_content-->","protected":false},"excerpt":{"rendered":"<p>\u00a0 Ce fut notre voyage de noce. Nous voulions un voyage sur mesure, avec une escale sur l&rsquo;\u00eele de Santorin pendant 4 jours. Apr\u00e8s quelques recherches sur internet, nous sommes tomb\u00e9s sur le site Grecevacances.com Echanges de mails avec les personnes, qui nous ont rassur\u00e9, tant par leur rapidit\u00e9 de r\u00e9ponses que par le c\u00f4t\u00e9 [&hellip;]<\/p>\n","protected":false},"author":1,"featured_media":0,"parent":0,"menu_order":0,"comment_status":"open","ping_status":"open","template":"","meta":{"footnotes":""},"class_list":["post-3408","page","type-page","status-publish","hentry","has-post-title","has-post-date","has-post-category","has-post-tag","has-post-comment","has-post-author",""],"aioseo_notices":[],"builder_content":"<p>\u00a0<\/p><p style=\"text-align: justify;\">Ce fut notre voyage de noce.<\/p><p style=\"text-align: justify;\">Nous voulions un voyage sur mesure, avec une escale sur l'\u00eele de Santorin pendant 4 jours.<\/p><p style=\"text-align: justify;\">Apr\u00e8s quelques recherches sur internet, nous sommes tomb\u00e9s sur le site Grecevacances.com<\/p><p style=\"text-align: justify;\">Echanges de mails avec les personnes, qui nous ont rassur\u00e9, tant par leur rapidit\u00e9 de r\u00e9ponses que par le c\u00f4t\u00e9 \"amical\" que l'on pouvait ressentir.<\/p><p style=\"text-align: justify;\">On ne voulait pas se tromper et Grecevacances.com nous a fait un programme comme on voulait et m\u00eame plus.<\/p><p style=\"text-align: justify;\">Sofia et Patrick furent aux petits soins avec nous. Gestion des transferts en voiture priv\u00e9e, visites guid\u00e9es de recoins insoup\u00e7onn\u00e9s de la capitale, surprises ... Ce fut magique.<\/p><p style=\"text-align: justify;\">Nos pas nous ont ammen\u00e9 sur le site de pos\u00e9idon au cap Sounio (Id\u00e9al pour les photos de couch\u00e9s de soleil); \u00e0 l'Acropole; au mus\u00e9e de l'Acropole; au jardin national; au quartier historique de Plaka; au quartier de Gazi (la nuit avec ses bars \"branch\u00e9s\"); au stade de Panath\u00e9n\u00e9es ...<\/p><p style=\"text-align: justify;\">\u00a0Sur l'\u00eele de Santorin avec ses maisons blanches et bleues perch\u00e9es, il y eut Oia (le plus beau village de l'\u00eele); Pyrgos; Im\u00e9rovigli; Fira; le site arch\u00e9ologique d'Akrotiri; la red Beach (avec ses falaises rouges); Kamari (plage volcanique) ...<\/p><p style=\"text-align: justify;\">Destination magique \u00e0 ne pas manquer et nous ne manquerons pas d'y retourner !<\/p><p>\u00a0Pour d\u00e9couvrir le site organisateur, rendez-vous sur : <a href=\"http:\/\/www.grecevacances.com\" target=\"_blank\">http:\/\/www.grecevacances.com<\/a><\/p><hr \/>\n<h2 style=\"text-align: center;\"><a href=\"http:\/\/smorel-photo.com\/blog\/galeries-photos\/\"><img loading=\"lazy\" decoding=\"async\" src=\"http:\/\/smorel-photo.com\/blog\/wp-content\/uploads\/2019\/04\/GaleriePhoto-300x187.gif\" alt=\"\" width=\"300\" height=\"187\">Voir la galerie photos de la Gr\u00e8ce \u21b5<\/a><\/h2>","_links":{"self":[{"href":"http:\/\/smorel-photo.com\/blog\/wp-json\/wp\/v2\/pages\/3408","targetHints":{"allow":["GET"]}}],"collection":[{"href":"http:\/\/smorel-photo.com\/blog\/wp-json\/wp\/v2\/pages"}],"about":[{"href":"http:\/\/smorel-photo.com\/blog\/wp-json\/wp\/v2\/types\/page"}],"author":[{"embeddable":true,"href":"http:\/\/smorel-photo.com\/blog\/wp-json\/wp\/v2\/users\/1"}],"replies":[{"embeddable":true,"href":"http:\/\/smorel-photo.com\/blog\/wp-json\/wp\/v2\/comments?post=3408"}],"version-history":[{"count":10,"href":"http:\/\/smorel-photo.com\/blog\/wp-json\/wp\/v2\/pages\/3408\/revisions"}],"predecessor-version":[{"id":7404,"href":"http:\/\/smorel-photo.com\/blog\/wp-json\/wp\/v2\/pages\/3408\/revisions\/7404"}],"wp:attachment":[{"href":"http:\/\/smorel-photo.com\/blog\/wp-json\/wp\/v2\/media?parent=3408"}],"curies":[{"name":"wp","href":"https:\/\/api.w.org\/{rel}","templated":true}]}}