{"id":4144,"date":"2015-06-07T11:32:41","date_gmt":"2015-06-07T11:32:41","guid":{"rendered":"http:\/\/smorel-photo.com\/blog\/ferme-nature-chez-poly-presentation-copy\/"},"modified":"2024-06-03T09:41:40","modified_gmt":"2024-06-03T09:41:40","slug":"ferme-nature-poly-presentation","status":"publish","type":"page","link":"http:\/\/smorel-photo.com\/blog\/ferme-nature-poly-presentation\/","title":{"rendered":"Ferme nature chez Poly: pr\u00e9sentation"},"content":{"rendered":"<!--themify_builder_content-->\n<div id=\"themify_builder_content-4144\" data-postid=\"4144\" class=\"themify_builder_content themify_builder_content-4144 themify_builder tf_clear\">\n                    <div  data-lazy=\"1\" class=\"module_row themify_builder_row tb_f2c5fb0 tb_first tf_w\">\n                        <div class=\"row_inner col_align_top tb_col_count_1 tf_box tf_rel\">\n                        <div  data-lazy=\"1\" class=\"module_column tb-column col-full tb_9c3c051 first\">\n                    <!-- module image -->\n<div  class=\"module module-image tb_9c2ef4c image-center rounded  tf_mw\" data-lazy=\"1\">\n        <div class=\"image-wrap tf_rel tf_mw\">\n            <img loading=\"lazy\" decoding=\"async\" src=\"http:\/\/smorel-photo.com\/blog\/wp-content\/uploads\/2016\/06\/Ferme-Poly_Caorches-1024x577-500x250.jpg\" width=\"500\" height=\"250\" class=\"wp-post-image wp-image-4473\" title=\"Ferme Poly_Caorches\" alt=\"Ferme Poly_Caorches\">    \n        <\/div>\n    <!-- \/image-wrap -->\n    \n        <\/div>\n<!-- \/module image --><!-- module text -->\n<div  class=\"module module-text tb_8b77aa2   \" data-lazy=\"1\">\n        <div  class=\"tb_text_wrap\">\n        <br \/>\n    <\/div>\n<\/div>\n<!-- \/module text -->        <\/div>\n                        <\/div>\n        <\/div>\n                        <div  data-lazy=\"1\" class=\"module_row themify_builder_row tb_6c5f9ee tf_w\">\n                        <div class=\"row_inner col_align_top tb_col_count_2 tf_box tf_rel\">\n                        <div  data-lazy=\"1\" class=\"module_column tb-column col4-2 tb_94f3e5c first\">\n                    <!-- module text -->\n<div  class=\"module module-text tb_b017d03  repeat \" data-lazy=\"1\">\n        <div  class=\"tb_text_wrap\">\n        <p>Magnifique ferme nature au coeur de la Normandie.<\/p>\n<p>Depuis Avril 2003, Christelle la propri\u00e9taire des lieux, vous accueille pour partager avec vous sa passion pour les animaux. Visite guid\u00e9e possible sur rendez-vous rien que pour vous !<\/p>\n<p>Environ 145 animaux de 70 races diff\u00e9rentes, sont \u00e0 d\u00e9couvrir. Petits et grands seront \u00e9merveill\u00e9s de pouvoir approcher de si pr\u00eat et toucher, les poneys, les brebis, les \u00e2nes, les ch\u00e8vres &#8230;<\/p>    <\/div>\n<\/div>\n<!-- \/module text -->        <\/div>\n                    <div  data-lazy=\"1\" class=\"module_column tb-column col4-2 tb_150fede last\">\n                    <!-- module image -->\n<div  class=\"module module-image tb_8b3b973 image-top rounded  tf_mw\" data-lazy=\"1\">\n        <div class=\"image-wrap tf_rel tf_mw\">\n            <img loading=\"lazy\" decoding=\"async\" src=\"http:\/\/smorel-photo.com\/blog\/wp-content\/uploads\/2015\/05\/IMG_1045-1024x683-300x200.jpg\" width=\"300\" height=\"200\" class=\"wp-post-image wp-image-3962\" title=\"IMG_1045\" alt=\"IMG_1045\" srcset=\"http:\/\/smorel-photo.com\/blog\/wp-content\/uploads\/2015\/05\/IMG_1045-1024x683-300x200.jpg 300w, http:\/\/smorel-photo.com\/blog\/wp-content\/uploads\/2015\/05\/IMG_1045-1024x683.jpg 1024w\" sizes=\"auto, (max-width: 300px) 100vw, 300px\" \/>    \n        <\/div>\n    <!-- \/image-wrap -->\n    \n        <\/div>\n<!-- \/module image --><!-- module text -->\n<div  class=\"module module-text tb_84b8209  repeat \" data-lazy=\"1\">\n        <div  class=\"tb_text_wrap\">\n        <p>\u00a0<\/p>\n<h3><strong>Retrouver l&rsquo;actualit\u00e9 de la ferme Poly sur le Facebook !<\/strong><\/h3>\n<p>\u00a0<\/p>\n<p><a href=\"https:\/\/www.facebook.com\/profile.php?id=100057233388057\" target=\"_blank\" rel=\"noopener\"><img loading=\"lazy\" decoding=\"async\" class=\"wp-image-8161 size-full aligncenter\" src=\"http:\/\/smorel-photo.com\/blog\/wp-content\/uploads\/2024\/01\/Facebook.jpg\" alt=\"\" width=\"181\" height=\"170\" \/><\/a><\/p>\n<p>\u00a0<\/p>    <\/div>\n<\/div>\n<!-- \/module text -->        <\/div>\n                        <\/div>\n        <\/div>\n                        <div  data-lazy=\"1\" class=\"module_row themify_builder_row tb_fd47cf5 tf_w\">\n                        <div class=\"row_inner col_align_top tb_col_count_2 tf_box tf_rel\">\n                        <div  data-lazy=\"1\" class=\"module_column tb-column col4-2 tb_ccb6dba first\">\n                    <!-- module image -->\n<div  class=\"module module-image tb_d96af0b image-top rounded  tf_mw\" data-lazy=\"1\">\n        <div class=\"image-wrap tf_rel tf_mw\">\n            <img loading=\"lazy\" decoding=\"async\" src=\"http:\/\/smorel-photo.com\/blog\/wp-content\/uploads\/2015\/05\/IMG_1090-300x200.jpg\" width=\"300\" height=\"200\" class=\"wp-post-image wp-image-3903\" title=\"IMG_1090\" alt=\"IMG_1090\">    \n        <\/div>\n    <!-- \/image-wrap -->\n    \n        <\/div>\n<!-- \/module image -->        <\/div>\n                    <div  data-lazy=\"1\" class=\"module_column tb-column col4-2 tb_fdd0667 last\">\n                    <!-- module text -->\n<div  class=\"module module-text tb_629190d  repeat \" data-lazy=\"1\">\n    <h3 class=\"module-title\"><strong>ARCHIVES<\/strong><\/h3>    <div  class=\"tb_text_wrap\">\n        <p><strong><a href=\"http:\/\/smorel-photo.com\/blog\/ferme-nature-poly-nouveautes2016\/\">NOUVEAUT\u00c9S 2016<\/a><\/strong><\/p>\n<p><strong><a href=\"http:\/\/smorel-photo.com\/blog\/ferme-nature-poly-nouveautes2017\/\">NOUVEAUT\u00c9S 2017<\/a><\/strong><\/p>\n<p><strong><a href=\"http:\/\/smorel-photo.com\/blog\/ferme-nature-poly-nouveautes2018-2019\">NOUVEAUT\u00c9S 2018-2019<\/a><\/strong><\/p>\n<p><a href=\"http:\/\/smorel-photo.com\/blog\/ferme-nature-poly-nouveautes2020-2021\/\"><strong>NOUVEAUT<\/strong><strong>\u00c9S 2020-2021<\/strong><\/a><\/p>\n<p>\u00a0<\/p>    <\/div>\n<\/div>\n<!-- \/module text --><!-- module text -->\n<div  class=\"module module-text tb_c891eb7   \" data-lazy=\"1\">\n        <div  class=\"tb_text_wrap\">\n        <p>L\u00e0, c&rsquo;est Poly, un cochon vietnamien mascotte de la ferme. Il a \u00e9t\u00e9 le tout premier animal \u00e0 \u00eatre accueilli sur les lieux. Il adore les gratouilles !<\/p>    <\/div>\n<\/div>\n<!-- \/module text -->        <\/div>\n                        <\/div>\n        <\/div>\n                        <div  data-lazy=\"1\" class=\"module_row themify_builder_row tb_1ee26c2 tf_w\">\n                        <div class=\"row_inner col_align_top tb_col_count_2 tf_box tf_rel\">\n                        <div  data-lazy=\"1\" class=\"module_column tb-column col4-2 tb_094dc0b first\">\n                    <!-- module image -->\n<div  class=\"module module-image tb_8393db5 image-top rounded  tf_mw\" data-lazy=\"1\">\n        <div class=\"image-wrap tf_rel tf_mw\">\n                \n        <\/div>\n    <!-- \/image-wrap -->\n    \n        <\/div>\n<!-- \/module image -->        <\/div>\n                    <div  data-lazy=\"1\" class=\"module_column tb-column col4-2 tb_1ae075b last\">\n                    <!-- module image -->\n<div  class=\"module module-image tb_c2209d2 image-top rounded  tf_mw\" data-lazy=\"1\">\n        <div class=\"image-wrap tf_rel tf_mw\">\n            <img loading=\"lazy\" decoding=\"async\" src=\"http:\/\/smorel-photo.com\/blog\/wp-content\/uploads\/2015\/05\/IMG_0995-1024x683-300x200.jpg\" width=\"300\" height=\"200\" class=\"wp-post-image wp-image-3927\" title=\"IMG_0995\" alt=\"IMG_0995\" srcset=\"http:\/\/smorel-photo.com\/blog\/wp-content\/uploads\/2015\/05\/IMG_0995-1024x683-300x200.jpg 300w, http:\/\/smorel-photo.com\/blog\/wp-content\/uploads\/2015\/05\/IMG_0995-1024x683.jpg 1024w\" sizes=\"auto, (max-width: 300px) 100vw, 300px\" \/>    \n        <\/div>\n    <!-- \/image-wrap -->\n    \n        <\/div>\n<!-- \/module image -->        <\/div>\n                        <\/div>\n        <\/div>\n                        <div  data-lazy=\"1\" class=\"module_row themify_builder_row tb_3319567 tf_w\">\n                        <div class=\"row_inner col_align_top tb_col_count_1 tf_box tf_rel\">\n                        <div  data-lazy=\"1\" class=\"module_column tb-column col-full tb_c6726aa first\">\n                    <!-- module text -->\n<div  class=\"module module-text tb_de07f3d   \" data-lazy=\"1\">\n        <div  class=\"tb_text_wrap\">\n        <p>Ci-dessus, les 2 ponettes de la ferme, Capucine et belle (la blanche). Elles adorent les caresses et le contact avec les enfants.<\/p><p>Pour voir d&rsquo;autres animaux de la ferme en photos, le lien est en bas de la page =)<\/p><p>Bonne visite !<\/p><p>\u00a0<\/p><p>\u00a0<\/p>    <\/div>\n<\/div>\n<!-- \/module text -->        <\/div>\n                        <\/div>\n        <\/div>\n                        <div  data-lazy=\"1\" class=\"module_row themify_builder_row tb_78e61e4 tf_w\">\n                        <div class=\"row_inner col_align_top tb_col_count_2 tf_box tf_rel\">\n                        <div  data-lazy=\"1\" class=\"module_column tb-column col4-2 tb_86322ff first\">\n                    <!-- module image -->\n<div  class=\"module module-image tb_ab7ab28 image-top rounded  tf_mw\" data-lazy=\"1\">\n        <div class=\"image-wrap tf_rel tf_mw\">\n            <img loading=\"lazy\" decoding=\"async\" src=\"http:\/\/smorel-photo.com\/blog\/wp-content\/uploads\/2015\/05\/IMG_0957-200x300.jpg\" width=\"200\" height=\"300\" class=\"wp-post-image wp-image-3904\" title=\"IMG_0957\" alt=\"IMG_0957\">    \n        <\/div>\n    <!-- \/image-wrap -->\n    \n        <\/div>\n<!-- \/module image --><!-- module text -->\n<div  class=\"module module-text tb_2f2f38a   \" data-lazy=\"1\">\n        <div  class=\"tb_text_wrap\">\n        <h4><strong>Tarifs particuliers<\/strong> :<\/h4>\n<p>Visite guid\u00e9e<\/p>\n<p>Enfant \u00e0 partir de 2 ans \u00e0 12 ans : 6 euros<\/p>\n<p>Adulte : 8 euros<\/p>\n<p>Devenez soigneur d&rsquo;un jour : 25 euros<\/p>\n<p>Atelier th\u00e9rapeutique (sur consultation mail ou t\u00e9l\u00e9phone)<\/p>    <\/div>\n<\/div>\n<!-- \/module text -->        <\/div>\n                    <div  data-lazy=\"1\" class=\"module_column tb-column col4-2 tb_bf46fe3 last\">\n                    <!-- module text -->\n<div  class=\"module module-text tb_be4929e   \" data-lazy=\"1\">\n        <div  class=\"tb_text_wrap\">\n            <\/div>\n<\/div>\n<!-- \/module text --><!-- module text -->\n<div  class=\"module module-text tb_df8bba0  repeat \" data-lazy=\"1\">\n        <div  class=\"tb_text_wrap\">\n        <h4>\u00a0<\/h4>\n<h4>\u00a0<\/h4>\n<h4>\u00a0<\/h4>\n<h4>\u00a0<\/h4>\n<h4>\u00a0<\/h4>\n<h4><strong>Tarifs \u00e9coles \/ Centres de loisirs :<\/strong><\/h4>\n<p>Visite guid\u00e9e\u00a0 : 5 euros la demi journ\u00e9e \/ enfant<\/p>\n<p>Visite guid\u00e9e : 8 euros la journ\u00e9e \/ enfant<\/p>\n<p>Visite guid\u00e9e + distribution de carottes aux cochons d&rsquo;inde et aux lapins + ateliers peintures et coloriages pour th\u00e8me les animaux de la ferme\u00a0 <\/p>    <\/div>\n<\/div>\n<!-- \/module text -->        <\/div>\n                        <\/div>\n        <\/div>\n                        <div  data-lazy=\"1\" class=\"module_row themify_builder_row tb_0b42e5e tf_w\">\n                        <div class=\"row_inner col_align_top tb_col_count_1 tf_box tf_rel\">\n                        <div  data-lazy=\"1\" class=\"module_column tb-column col-full tb_66e99f2 first\">\n                    <!-- module image -->\n<div  class=\"module module-image tb_900909f image-center   tf_mw\" data-lazy=\"1\">\n        <div class=\"image-wrap tf_rel tf_mw\">\n            <img loading=\"lazy\" decoding=\"async\" src=\"http:\/\/smorel-photo.com\/blog\/wp-content\/uploads\/2015\/06\/parrainage-745x1024-300x500.jpg\" width=\"300\" height=\"500\" class=\"wp-post-image wp-image-4142\" title=\"Fichier de parrainage\" alt=\"Fichier de parrainage\">    \n        <\/div>\n    <!-- \/image-wrap -->\n    \n        <\/div>\n<!-- \/module image --><!-- module text -->\n<div  class=\"module module-text tb_36a3e2e   \" data-lazy=\"1\">\n        <div  class=\"tb_text_wrap\">\n        <p>\u00a0<\/p><h4><strong><span style=\"text-decoration: underline;\">Pour s&rsquo;y rendre<\/span> :<\/strong><\/h4><p>Adresse : 16 chemin de la Henri\u00e8re, 27300 Caorches St Nicolas<\/p><p>T\u00e9l\u00e9phone : 02 32 46 11 90 (n&rsquo;h\u00e9sitez pas \u00e0 laisser un message sur le r\u00e9pondeur =) )<\/p><p>\u00a0<\/p>    <\/div>\n<\/div>\n<!-- \/module text -->        <\/div>\n                        <\/div>\n        <\/div>\n                        <div  data-lazy=\"1\" class=\"module_row themify_builder_row tb_7e860e2 tf_w\">\n                        <div class=\"row_inner col_align_top tb_col_count_1 tf_box tf_rel\">\n                        <div  data-lazy=\"1\" class=\"module_column tb-column col-full tb_9f7dc76 first\">\n                    <!-- module image -->\n<div  class=\"module module-image tb_eef7e14 image-center rounded  tf_mw\" data-lazy=\"1\">\n        <div class=\"image-wrap tf_rel tf_mw\">\n            <img loading=\"lazy\" decoding=\"async\" src=\"http:\/\/smorel-photo.com\/blog\/wp-content\/uploads\/2015\/06\/henriere-500x600.jpg\" width=\"500\" height=\"600\" class=\"wp-post-image wp-image-4139\" title=\"henriere\" alt=\"henriere\">    \n        <\/div>\n    <!-- \/image-wrap -->\n    \n        <\/div>\n<!-- \/module image -->        <\/div>\n                        <\/div>\n        <\/div>\n                        <div  data-lazy=\"1\" class=\"module_row themify_builder_row tb_6aa3a26 tf_w\">\n                        <div class=\"row_inner col_align_top tb_col_count_1 tf_box tf_rel\">\n                        <div  data-lazy=\"1\" class=\"module_column tb-column col-full tb_96e28be first\">\n                    <!-- module text -->\n<div  class=\"module module-text tb_106803b  repeat \" data-lazy=\"1\">\n        <div  class=\"tb_text_wrap\">\n        <hr>\n<h2 style=\"text-align: center;\"><img loading=\"lazy\" decoding=\"async\" class=\"aligncenter size-medium wp-image-7009\" src=\"http:\/\/smorel-photo.com\/blog\/wp-content\/uploads\/2019\/04\/GaleriePhoto-300x187.gif\" alt=\"\" width=\"300\" height=\"187\"><a href=\"http:\/\/smorel-photo.com\/blog\/galeries-photos\/\">Voir la galerie photos de la ferme<\/a><\/h2>    <\/div>\n<\/div>\n<!-- \/module text -->        <\/div>\n                        <\/div>\n        <\/div>\n        <\/div>\n<!--\/themify_builder_content-->","protected":false},"excerpt":{"rendered":"","protected":false},"author":1,"featured_media":0,"parent":0,"menu_order":0,"comment_status":"open","ping_status":"open","template":"","meta":{"footnotes":""},"class_list":["post-4144","page","type-page","status-publish","hentry","has-post-title","has-post-date","has-post-category","has-post-tag","has-post-comment","has-post-author",""],"aioseo_notices":[],"builder_content":"<img src=\"http:\/\/smorel-photo.com\/blog\/wp-content\/uploads\/2016\/06\/Ferme-Poly_Caorches-1024x577-500x250.jpg\" width=\"500\" height=\"250\" title=\"Ferme Poly_Caorches\" alt=\"Ferme Poly_Caorches\">\n<br \/>\n<p>Magnifique ferme nature au coeur de la Normandie.<\/p> <p>Depuis Avril 2003, Christelle la propri\u00e9taire des lieux, vous accueille pour partager avec vous sa passion pour les animaux. Visite guid\u00e9e possible sur rendez-vous rien que pour vous !<\/p> <p>Environ 145 animaux de 70 races diff\u00e9rentes, sont \u00e0 d\u00e9couvrir. Petits et grands seront \u00e9merveill\u00e9s de pouvoir approcher de si pr\u00eat et toucher, les poneys, les brebis, les \u00e2nes, les ch\u00e8vres ...<\/p>\n<img src=\"http:\/\/smorel-photo.com\/blog\/wp-content\/uploads\/2015\/05\/IMG_1045-1024x683-300x200.jpg\" width=\"300\" height=\"200\" title=\"IMG_1045\" alt=\"IMG_1045\" srcset=\"http:\/\/smorel-photo.com\/blog\/wp-content\/uploads\/2015\/05\/IMG_1045-1024x683-300x200.jpg 300w, http:\/\/smorel-photo.com\/blog\/wp-content\/uploads\/2015\/05\/IMG_1045-1024x683.jpg 1024w\" sizes=\"(max-width: 300px) 100vw, 300px\" \/>\n<p>\u00a0<\/p> <h3><strong>Retrouver l'actualit\u00e9 de la ferme Poly sur le Facebook !<\/strong><\/h3> <p>\u00a0<\/p> <p><a href=\"https:\/\/www.facebook.com\/profile.php?id=100057233388057\" target=\"_blank\" rel=\"noopener\"><img loading=\"lazy\" decoding=\"async\" src=\"http:\/\/smorel-photo.com\/blog\/wp-content\/uploads\/2024\/01\/Facebook.jpg\" alt=\"\" width=\"181\" height=\"170\" \/><\/a><\/p> <p>\u00a0<\/p>\n<img src=\"http:\/\/smorel-photo.com\/blog\/wp-content\/uploads\/2015\/05\/IMG_1090-300x200.jpg\" width=\"300\" height=\"200\" title=\"IMG_1090\" alt=\"IMG_1090\">\n<h3><strong>ARCHIVES<\/strong><\/h3> <p><strong><a href=\"http:\/\/smorel-photo.com\/blog\/ferme-nature-poly-nouveautes2016\/\">NOUVEAUT\u00c9S 2016<\/a><\/strong><\/p> <p><strong><a href=\"http:\/\/smorel-photo.com\/blog\/ferme-nature-poly-nouveautes2017\/\">NOUVEAUT\u00c9S 2017<\/a><\/strong><\/p> <p><strong><a href=\"http:\/\/smorel-photo.com\/blog\/ferme-nature-poly-nouveautes2018-2019\">NOUVEAUT\u00c9S 2018-2019<\/a><\/strong><\/p> <p><a href=\"http:\/\/smorel-photo.com\/blog\/ferme-nature-poly-nouveautes2020-2021\/\"><strong>NOUVEAUT<\/strong><strong>\u00c9S 2020-2021<\/strong><\/a><\/p> <p>\u00a0<\/p>\n<p>L\u00e0, c'est Poly, un cochon vietnamien mascotte de la ferme. Il a \u00e9t\u00e9 le tout premier animal \u00e0 \u00eatre accueilli sur les lieux. Il adore les gratouilles !<\/p>\n\n<img src=\"http:\/\/smorel-photo.com\/blog\/wp-content\/uploads\/2015\/05\/IMG_0995-1024x683-300x200.jpg\" width=\"300\" height=\"200\" title=\"IMG_0995\" alt=\"IMG_0995\" srcset=\"http:\/\/smorel-photo.com\/blog\/wp-content\/uploads\/2015\/05\/IMG_0995-1024x683-300x200.jpg 300w, http:\/\/smorel-photo.com\/blog\/wp-content\/uploads\/2015\/05\/IMG_0995-1024x683.jpg 1024w\" sizes=\"(max-width: 300px) 100vw, 300px\" \/>\n<p>Ci-dessus, les 2 ponettes de la ferme, Capucine et belle (la blanche). Elles adorent les caresses et le contact avec les enfants.<\/p><p>Pour voir d'autres animaux de la ferme en photos, le lien est en bas de la page =)<\/p><p>Bonne visite !<\/p><p>\u00a0<\/p><p>\u00a0<\/p>\n<img src=\"http:\/\/smorel-photo.com\/blog\/wp-content\/uploads\/2015\/05\/IMG_0957-200x300.jpg\" width=\"200\" height=\"300\" title=\"IMG_0957\" alt=\"IMG_0957\">\n<h4><strong>Tarifs particuliers<\/strong> :<\/h4> <p>Visite guid\u00e9e<\/p> <p>Enfant \u00e0 partir de 2 ans \u00e0 12 ans : 6 euros<\/p> <p>Adulte : 8 euros<\/p> <p>Devenez soigneur d'un jour : 25 euros<\/p> <p>Atelier th\u00e9rapeutique (sur consultation mail ou t\u00e9l\u00e9phone)<\/p>\n\n<h4>\u00a0<\/h4> <h4>\u00a0<\/h4> <h4>\u00a0<\/h4> <h4>\u00a0<\/h4> <h4>\u00a0<\/h4> <h4><strong>Tarifs \u00e9coles \/ Centres de loisirs :<\/strong><\/h4> <p>Visite guid\u00e9e\u00a0 : 5 euros la demi journ\u00e9e \/ enfant<\/p> <p>Visite guid\u00e9e : 8 euros la journ\u00e9e \/ enfant<\/p> <p>Visite guid\u00e9e + distribution de carottes aux cochons d'inde et aux lapins + ateliers peintures et coloriages pour th\u00e8me les animaux de la ferme\u00a0 <\/p>\n<img src=\"http:\/\/smorel-photo.com\/blog\/wp-content\/uploads\/2015\/06\/parrainage-745x1024-300x500.jpg\" width=\"300\" height=\"500\" title=\"Fichier de parrainage\" alt=\"Fichier de parrainage\">\n<p>\u00a0<\/p><h4><strong>Pour s'y rendre :<\/strong><\/h4><p>Adresse : 16 chemin de la Henri\u00e8re, 27300 Caorches St Nicolas<\/p><p>T\u00e9l\u00e9phone : 02 32 46 11 90 (n'h\u00e9sitez pas \u00e0 laisser un message sur le r\u00e9pondeur =) )<\/p><p>\u00a0<\/p>\n<img src=\"http:\/\/smorel-photo.com\/blog\/wp-content\/uploads\/2015\/06\/henriere-500x600.jpg\" width=\"500\" height=\"600\" title=\"henriere\" alt=\"henriere\">\n<hr> <h2 style=\"text-align: center;\"><img loading=\"lazy\" decoding=\"async\" src=\"http:\/\/smorel-photo.com\/blog\/wp-content\/uploads\/2019\/04\/GaleriePhoto-300x187.gif\" alt=\"\" width=\"300\" height=\"187\"><a href=\"http:\/\/smorel-photo.com\/blog\/galeries-photos\/\">Voir la galerie photos de la ferme<\/a><\/h2>","_links":{"self":[{"href":"http:\/\/smorel-photo.com\/blog\/wp-json\/wp\/v2\/pages\/4144","targetHints":{"allow":["GET"]}}],"collection":[{"href":"http:\/\/smorel-photo.com\/blog\/wp-json\/wp\/v2\/pages"}],"about":[{"href":"http:\/\/smorel-photo.com\/blog\/wp-json\/wp\/v2\/types\/page"}],"author":[{"embeddable":true,"href":"http:\/\/smorel-photo.com\/blog\/wp-json\/wp\/v2\/users\/1"}],"replies":[{"embeddable":true,"href":"http:\/\/smorel-photo.com\/blog\/wp-json\/wp\/v2\/comments?post=4144"}],"version-history":[{"count":40,"href":"http:\/\/smorel-photo.com\/blog\/wp-json\/wp\/v2\/pages\/4144\/revisions"}],"predecessor-version":[{"id":8177,"href":"http:\/\/smorel-photo.com\/blog\/wp-json\/wp\/v2\/pages\/4144\/revisions\/8177"}],"wp:attachment":[{"href":"http:\/\/smorel-photo.com\/blog\/wp-json\/wp\/v2\/media?parent=4144"}],"curies":[{"name":"wp","href":"https:\/\/api.w.org\/{rel}","templated":true}]}}