{"id":4164,"date":"2015-06-16T11:24:05","date_gmt":"2015-06-16T11:24:05","guid":{"rendered":"http:\/\/smorel-photo.com\/blog\/ferme-nature-chez-poly-presentation-copy\/"},"modified":"2021-02-15T13:17:25","modified_gmt":"2021-02-15T13:17:25","slug":"faucon-passion-presentation","status":"publish","type":"page","link":"http:\/\/smorel-photo.com\/blog\/faucon-passion-presentation\/","title":{"rendered":"Faucon Passion: pr\u00e9sentation"},"content":{"rendered":"<!--themify_builder_content-->\n<div id=\"themify_builder_content-4164\" data-postid=\"4164\" class=\"themify_builder_content themify_builder_content-4164 themify_builder tf_clear\">\n                    <div  data-lazy=\"1\" class=\"module_row themify_builder_row tb_8c8f9d4 tb_first tf_w\">\n                        <div class=\"row_inner col_align_top tb_col_count_1 tf_box tf_rel\">\n                        <div  data-lazy=\"1\" class=\"module_column tb-column col-full tb_4441cf8 first\">\n                    <!-- module image -->\n<div  class=\"module module-image tb_a887138 image-center rounded  tf_mw\" data-lazy=\"1\">\n        <div class=\"image-wrap tf_rel tf_mw\">\n            <img loading=\"lazy\" decoding=\"async\" src=\"http:\/\/smorel-photo.com\/blog\/wp-content\/uploads\/2015\/03\/IMG_0256-500x300.jpg\" width=\"500\" height=\"300\" class=\"wp-post-image wp-image-3710\" title=\"IMG_0256\" alt=\"IMG_0256\">    \n        <\/div>\n    <!-- \/image-wrap -->\n    \n        <\/div>\n<!-- \/module image --><!-- module text -->\n<div  class=\"module module-text tb_9db3b42   \" data-lazy=\"1\">\n        <div  class=\"tb_text_wrap\">\n        <br \/>\n    <\/div>\n<\/div>\n<!-- \/module text -->        <\/div>\n                        <\/div>\n        <\/div>\n                        <div  data-lazy=\"1\" class=\"module_row themify_builder_row tb_9ba9704 tf_w\">\n                        <div class=\"row_inner col_align_top tb_col_count_1 tf_box tf_rel\">\n                        <div  data-lazy=\"1\" class=\"module_column tb-column col-full tb_3299eec first\">\n                    <!-- module text -->\n<div  class=\"module module-text tb_02a0d6e   \" data-lazy=\"1\">\n        <div  class=\"tb_text_wrap\">\n        <p>Faucon Passion c&rsquo;est avant tout un art de vivre et un amour pour la Fauconnerie.<\/p><p>Henri Picot vous accueille tous les jours sur rendez-vous, pour vous faire partager des moments rares.<\/p><p>Les esp\u00e8ces \u00e0 d\u00e9couvrir : Buse de Harris, Faucon sacr\u00e9, Hiboux Grand Duc&#8230;<\/p><p>Ouvert toute l&rsquo;ann\u00e9e, venez vivre une exp\u00e9rience inoubliable.<\/p>    <\/div>\n<\/div>\n<!-- \/module text -->        <\/div>\n                        <\/div>\n        <\/div>\n                        <div  data-lazy=\"1\" class=\"module_row themify_builder_row tb_a411990 tf_w\">\n                        <div class=\"row_inner col_align_top tb_col_count_1 tf_box tf_rel\">\n                        <div  data-lazy=\"1\" class=\"module_column tb-column col-full tb_3270eeb first\">\n                            <div  data-lazy=\"1\" class=\"module_subrow themify_builder_sub_row tf_w col_align_top tb_col_count_1 tb_c0ae22f\">\n                <div  data-lazy=\"1\" class=\"module_column sub_column col-full tb_3583dd1 first\">\n                    <!-- module image -->\n<div  class=\"module module-image tb_f5e8fe0 image-center rounded  tf_mw\" data-lazy=\"1\">\n        <div class=\"image-wrap tf_rel tf_mw\">\n            <img loading=\"lazy\" decoding=\"async\" src=\"http:\/\/smorel-photo.com\/blog\/wp-content\/uploads\/2015\/06\/Plaquette-Faucon-Passion-400x600.jpg\" width=\"400\" height=\"600\" class=\"wp-post-image wp-image-4168\" title=\"Plaquette Faucon Passion\" alt=\"Plaquette Faucon Passion\">    \n        <\/div>\n    <!-- \/image-wrap -->\n    \n        <\/div>\n<!-- \/module image --><!-- module text -->\n<div  class=\"module module-text tb_5d279ba   \" data-lazy=\"1\">\n        <div  class=\"tb_text_wrap\">\n        <hr \/><p>\u00a0<span style=\"text-decoration: underline;\">La page Facebook<\/span> : <a href=\"https:\/\/www.facebook.com\/pages\/Faucon-Passion\/1543808875868581?fref=ts\" target=\"_blank\">https:\/\/www.facebook.com\/pages\/Faucon-Passion\/1543808875868581?fref=ts<\/a><\/p>    <\/div>\n<\/div>\n<!-- \/module text -->        <\/div>\n                    <\/div>\n                <\/div>\n                        <\/div>\n        <\/div>\n                        <div  data-lazy=\"1\" class=\"module_row themify_builder_row tb_279903a tf_w\">\n                        <div class=\"row_inner col_align_top tb_col_count_1 tf_box tf_rel\">\n                        <div  data-lazy=\"1\" class=\"module_column tb-column col-full tb_6a71c52 first\">\n                            <div  data-lazy=\"1\" class=\"module_subrow themify_builder_sub_row tf_w col_align_top tb_col_count_2 tb_87bd81f\">\n                <div  data-lazy=\"1\" class=\"module_column sub_column col4-2 tb_94df341 first\">\n                    <!-- module image -->\n<div  class=\"module module-image tb_08b633f image-top rounded  tf_mw\" data-lazy=\"1\">\n        <div class=\"image-wrap tf_rel tf_mw\">\n            <img loading=\"lazy\" decoding=\"async\" src=\"http:\/\/smorel-photo.com\/blog\/wp-content\/uploads\/2015\/03\/IMG_1136-400x300.jpg\" width=\"400\" height=\"300\" class=\"wp-post-image wp-image-3749\" title=\"IMG_1136\" alt=\"IMG_1136\">    \n        <\/div>\n    <!-- \/image-wrap -->\n    \n        <\/div>\n<!-- \/module image -->        <\/div>\n                    <div  data-lazy=\"1\" class=\"module_column sub_column col4-2 tb_7d17a22 last\">\n                    <!-- module text -->\n<div  class=\"module module-text tb_acf5a8c   \" data-lazy=\"1\">\n        <div  class=\"tb_text_wrap\">\n        <p>Voici Vulcain, buse \u00e0 queue rousse.<\/p><p>C&rsquo;est un m\u00e2le ou tiercelet en langage de Fauconnier.<\/p><p>\u00a0<\/p>    <\/div>\n<\/div>\n<!-- \/module text -->        <\/div>\n                    <\/div>\n                <\/div>\n                        <\/div>\n        <\/div>\n                        <div  data-lazy=\"1\" class=\"module_row themify_builder_row tb_0537590 tf_w\">\n                        <div class=\"row_inner col_align_top tb_col_count_2 tf_box tf_rel\">\n                        <div  data-lazy=\"1\" class=\"module_column tb-column col4-2 tb_1f856e7 first\">\n                    <!-- module text -->\n<div  class=\"module module-text tb_d278157   \" data-lazy=\"1\">\n        <div  class=\"tb_text_wrap\">\n        <p>L\u00e0, c&rsquo;est Isis, une buse de Harris.<\/p><p>Femelle ou forme en langage de Fauconnier.<\/p>    <\/div>\n<\/div>\n<!-- \/module text -->        <\/div>\n                    <div  data-lazy=\"1\" class=\"module_column tb-column col4-2 tb_71c9584 last\">\n                    <!-- module image -->\n<div  class=\"module module-image tb_dc541c8 image-center rounded  tf_mw\" data-lazy=\"1\">\n        <div class=\"image-wrap tf_rel tf_mw\">\n            <img loading=\"lazy\" decoding=\"async\" src=\"http:\/\/smorel-photo.com\/blog\/wp-content\/uploads\/2015\/03\/IMG_1188-500x600.jpg\" width=\"500\" height=\"600\" class=\"wp-post-image wp-image-3701\" title=\"IMG_1188\" alt=\"IMG_1188\">    \n        <\/div>\n    <!-- \/image-wrap -->\n    \n        <\/div>\n<!-- \/module image -->        <\/div>\n                        <\/div>\n        <\/div>\n                        <div  data-lazy=\"1\" class=\"module_row themify_builder_row tb_000d54a tf_w\">\n                        <div class=\"row_inner col_align_top tb_col_count_1 tf_box tf_rel\">\n                        <div  data-lazy=\"1\" class=\"module_column tb-column col-full tb_86768c9 first\">\n                            <div  data-lazy=\"1\" class=\"module_subrow themify_builder_sub_row tf_w col_align_top tb_col_count_2 tb_627317f\">\n                <div  data-lazy=\"1\" class=\"module_column sub_column col4-2 tb_c8d1a24 first\">\n                    <!-- module image -->\n<div  class=\"module module-image tb_64959d5 image-top rounded  tf_mw\" data-lazy=\"1\">\n        <div class=\"image-wrap tf_rel tf_mw\">\n            <img loading=\"lazy\" decoding=\"async\" src=\"http:\/\/smorel-photo.com\/blog\/wp-content\/uploads\/2015\/03\/IMG_0297-300x400.jpg\" width=\"300\" height=\"400\" class=\"wp-post-image wp-image-3716\" title=\"IMG_0297\" alt=\"IMG_0297\">    \n        <\/div>\n    <!-- \/image-wrap -->\n    \n        <\/div>\n<!-- \/module image -->        <\/div>\n                    <div  data-lazy=\"1\" class=\"module_column sub_column col4-2 tb_b953225 last\">\n                    <!-- module text -->\n<div  class=\"module module-text tb_1cd3e92   \" data-lazy=\"1\">\n        <div  class=\"tb_text_wrap\">\n        <p>Ici, c&rsquo;est Taiga, un faucon sacr\u00e9.<\/p><p>\u00a0<\/p>    <\/div>\n<\/div>\n<!-- \/module text -->        <\/div>\n                    <\/div>\n                <div  data-lazy=\"1\" class=\"module_subrow themify_builder_sub_row tf_w col_align_top tb_col_count_2 tb_b1765eb\">\n                <div  data-lazy=\"1\" class=\"module_column sub_column col4-2 tb_1b61973 first\">\n                    <!-- module text -->\n<div  class=\"module module-text tb_d6b713f   \" data-lazy=\"1\">\n        <div  class=\"tb_text_wrap\">\n        <p>Je vous pr\u00e9sente Christal, un Hiboux Grand Duc.<\/p><p>C&rsquo;est une belle femelle aux yeux per\u00e7ants.<\/p>    <\/div>\n<\/div>\n<!-- \/module text -->        <\/div>\n                    <div  data-lazy=\"1\" class=\"module_column sub_column col4-2 tb_dcfacff last\">\n                    <!-- module image -->\n<div  class=\"module module-image tb_01df43c image-top rounded  tf_mw\" data-lazy=\"1\">\n        <div class=\"image-wrap tf_rel tf_mw\">\n            <img loading=\"lazy\" decoding=\"async\" src=\"http:\/\/smorel-photo.com\/blog\/wp-content\/uploads\/2015\/03\/IMG_0276-300x400.jpg\" width=\"300\" height=\"400\" class=\"wp-post-image wp-image-3714\" title=\"IMG_0276\" alt=\"IMG_0276\">    \n        <\/div>\n    <!-- \/image-wrap -->\n    \n        <\/div>\n<!-- \/module image -->        <\/div>\n                    <\/div>\n                <div  data-lazy=\"1\" class=\"module_subrow themify_builder_sub_row tf_w col_align_top tb_col_count_2 tb_23fd20d\">\n                <div  data-lazy=\"1\" class=\"module_column sub_column col4-2 tb_e9f451d first\">\n                    <!-- module image -->\n<div  class=\"module module-image tb_7e15c98 image-top rounded  tf_mw\" data-lazy=\"1\">\n        <div class=\"image-wrap tf_rel tf_mw\">\n            <img loading=\"lazy\" decoding=\"async\" src=\"http:\/\/smorel-photo.com\/blog\/wp-content\/uploads\/2015\/03\/IMG_0449-400x300.jpg\" width=\"400\" height=\"300\" class=\"wp-post-image wp-image-3731\" title=\"IMG_0449\" alt=\"IMG_0449\">    \n        <\/div>\n    <!-- \/image-wrap -->\n    \n        <\/div>\n<!-- \/module image -->        <\/div>\n                    <div  data-lazy=\"1\" class=\"module_column sub_column col4-2 tb_a634ef1 last\">\n                    <!-- module text -->\n<div  class=\"module module-text tb_6420661   \" data-lazy=\"1\">\n        <div  class=\"tb_text_wrap\">\n        <p>Au tour de Horrus, tiercelet de buse de Harris.<\/p><p>\u00a0<\/p>    <\/div>\n<\/div>\n<!-- \/module text -->        <\/div>\n                    <\/div>\n                <div  data-lazy=\"1\" class=\"module_subrow themify_builder_sub_row tf_w col_align_top tb_col_count_2 tb_4a3d8f4\">\n                <div  data-lazy=\"1\" class=\"module_column sub_column col4-2 tb_e9954b3 first\">\n                    <!-- module text -->\n<div  class=\"module module-text tb_3e14e8f   \" data-lazy=\"1\">\n        <div  class=\"tb_text_wrap\">\n        <p>La petite derni\u00e8re c&rsquo;est Ambre, forme de buse de Harris.<\/p>    <\/div>\n<\/div>\n<!-- \/module text -->        <\/div>\n                    <div  data-lazy=\"1\" class=\"module_column sub_column col4-2 tb_bdf4dee last\">\n                    <!-- module image -->\n<div  class=\"module module-image tb_fe1746d image-top rounded  tf_mw\" data-lazy=\"1\">\n        <div class=\"image-wrap tf_rel tf_mw\">\n            <img loading=\"lazy\" decoding=\"async\" src=\"http:\/\/smorel-photo.com\/blog\/wp-content\/uploads\/2015\/03\/IMG_0477-400x300.jpg\" width=\"400\" height=\"300\" class=\"wp-post-image wp-image-3732\" title=\"IMG_0477\" alt=\"IMG_0477\">    \n        <\/div>\n    <!-- \/image-wrap -->\n    \n        <\/div>\n<!-- \/module image -->        <\/div>\n                    <\/div>\n        <!-- module text -->\n<div  class=\"module module-text tb_c4927ee   \" data-lazy=\"1\">\n        <div  class=\"tb_text_wrap\">\n        <p>\u00a0<\/p><hr \/><p>Pour s&rsquo;y rendre : La Bastide Neuve, la Roubine 30390 Aramon<\/p><p>T\u00e9l\u00e9phone : 06 23 42 35 66<\/p><p>Mail : fauconpassion@sfr.fr<\/p><p>\u00a0<a href=\"http:\/\/smorel-photo.com\/blog\/wp-content\/uploads\/2015\/06\/Faucon-Passion-Google-Maps.jpg\"><img loading=\"lazy\" decoding=\"async\" class=\"aligncenter wp-image-4169\" src=\"http:\/\/smorel-photo.com\/blog\/wp-content\/uploads\/2015\/06\/Faucon-Passion-Google-Maps-1024x747.jpg\" alt=\"Faucon Passion - Google\u00a0Maps\" width=\"700\" height=\"510\" srcset=\"http:\/\/smorel-photo.com\/blog\/wp-content\/uploads\/2015\/06\/Faucon-Passion-Google-Maps-1024x747.jpg 1024w, http:\/\/smorel-photo.com\/blog\/wp-content\/uploads\/2015\/06\/Faucon-Passion-Google-Maps-300x219.jpg 300w, http:\/\/smorel-photo.com\/blog\/wp-content\/uploads\/2015\/06\/Faucon-Passion-Google-Maps.jpg 1086w\" sizes=\"auto, (max-width: 700px) 100vw, 700px\" \/><\/a><\/p>    <\/div>\n<\/div>\n<!-- \/module text --><!-- module text -->\n<div  class=\"module module-text tb_3258752  repeat \" data-lazy=\"1\">\n        <div  class=\"tb_text_wrap\">\n        <hr>\n<h2 style=\"text-align: center;\"><img loading=\"lazy\" decoding=\"async\" class=\"aligncenter size-medium wp-image-7009\" src=\"http:\/\/smorel-photo.com\/blog\/wp-content\/uploads\/2019\/04\/GaleriePhoto-300x187.gif\" alt=\"\" width=\"300\" height=\"187\"><a href=\"http:\/\/smorel-photo.com\/blog\/galeries-photos\/\">Voir la galerie photos de Faucon Passion<\/a>\u21b5<\/h2>    <\/div>\n<\/div>\n<!-- \/module text -->        <\/div>\n                        <\/div>\n        <\/div>\n        <\/div>\n<!--\/themify_builder_content-->","protected":false},"excerpt":{"rendered":"<p>Faucon Passion c&rsquo;est avant tout un art de vivre et un amour pour la Fauconnerie. Henri Picot vous accueille tous les jours sur rendez-vous, pour vous faire partager des moments rares. Les esp\u00e8ces \u00e0 d\u00e9couvrir : Buse de Harris, Faucon sacr\u00e9, Hiboux Grand Duc&#8230; Ouvert toute l&rsquo;ann\u00e9e, venez vivre une exp\u00e9rience inoubliable. \u00a0La page Facebook [&hellip;]<\/p>\n","protected":false},"author":1,"featured_media":0,"parent":0,"menu_order":0,"comment_status":"open","ping_status":"open","template":"","meta":{"footnotes":""},"class_list":["post-4164","page","type-page","status-publish","hentry","has-post-title","has-post-date","has-post-category","has-post-tag","has-post-comment","has-post-author",""],"aioseo_notices":[],"builder_content":"<img src=\"http:\/\/smorel-photo.com\/blog\/wp-content\/uploads\/2015\/03\/IMG_0256-500x300.jpg\" width=\"500\" height=\"300\" title=\"IMG_0256\" alt=\"IMG_0256\">\n<br \/>\n<p>Faucon Passion c'est avant tout un art de vivre et un amour pour la Fauconnerie.<\/p><p>Henri Picot vous accueille tous les jours sur rendez-vous, pour vous faire partager des moments rares.<\/p><p>Les esp\u00e8ces \u00e0 d\u00e9couvrir : Buse de Harris, Faucon sacr\u00e9, Hiboux Grand Duc...<\/p><p>Ouvert toute l'ann\u00e9e, venez vivre une exp\u00e9rience inoubliable.<\/p>\n<img src=\"http:\/\/smorel-photo.com\/blog\/wp-content\/uploads\/2015\/06\/Plaquette-Faucon-Passion-400x600.jpg\" width=\"400\" height=\"600\" title=\"Plaquette Faucon Passion\" alt=\"Plaquette Faucon Passion\">\n<hr \/><p>\u00a0La page Facebook : <a href=\"https:\/\/www.facebook.com\/pages\/Faucon-Passion\/1543808875868581?fref=ts\" target=\"_blank\">https:\/\/www.facebook.com\/pages\/Faucon-Passion\/1543808875868581?fref=ts<\/a><\/p>\n<img src=\"http:\/\/smorel-photo.com\/blog\/wp-content\/uploads\/2015\/03\/IMG_1136-400x300.jpg\" width=\"400\" height=\"300\" title=\"IMG_1136\" alt=\"IMG_1136\">\n<p>Voici Vulcain, buse \u00e0 queue rousse.<\/p><p>C'est un m\u00e2le ou tiercelet en langage de Fauconnier.<\/p><p>\u00a0<\/p>\n<p>L\u00e0, c'est Isis, une buse de Harris.<\/p><p>Femelle ou forme en langage de Fauconnier.<\/p>\n<img src=\"http:\/\/smorel-photo.com\/blog\/wp-content\/uploads\/2015\/03\/IMG_1188-500x600.jpg\" width=\"500\" height=\"600\" title=\"IMG_1188\" alt=\"IMG_1188\">\n<img src=\"http:\/\/smorel-photo.com\/blog\/wp-content\/uploads\/2015\/03\/IMG_0297-300x400.jpg\" width=\"300\" height=\"400\" title=\"IMG_0297\" alt=\"IMG_0297\">\n<p>Ici, c'est Taiga, un faucon sacr\u00e9.<\/p><p>\u00a0<\/p>\n<p>Je vous pr\u00e9sente Christal, un Hiboux Grand Duc.<\/p><p>C'est une belle femelle aux yeux per\u00e7ants.<\/p>\n<img src=\"http:\/\/smorel-photo.com\/blog\/wp-content\/uploads\/2015\/03\/IMG_0276-300x400.jpg\" width=\"300\" height=\"400\" title=\"IMG_0276\" alt=\"IMG_0276\">\n<img src=\"http:\/\/smorel-photo.com\/blog\/wp-content\/uploads\/2015\/03\/IMG_0449-400x300.jpg\" width=\"400\" height=\"300\" title=\"IMG_0449\" alt=\"IMG_0449\">\n<p>Au tour de Horrus, tiercelet de buse de Harris.<\/p><p>\u00a0<\/p>\n<p>La petite derni\u00e8re c'est Ambre, forme de buse de Harris.<\/p>\n<img src=\"http:\/\/smorel-photo.com\/blog\/wp-content\/uploads\/2015\/03\/IMG_0477-400x300.jpg\" width=\"400\" height=\"300\" title=\"IMG_0477\" alt=\"IMG_0477\">\n<p>\u00a0<\/p><hr \/><p>Pour s'y rendre : La Bastide Neuve, la Roubine 30390 Aramon<\/p><p>T\u00e9l\u00e9phone : 06 23 42 35 66<\/p><p>Mail : fauconpassion@sfr.fr<\/p><p>\u00a0<a href=\"http:\/\/smorel-photo.com\/blog\/wp-content\/uploads\/2015\/06\/Faucon-Passion-Google-Maps.jpg\"><img loading=\"lazy\" decoding=\"async\" src=\"http:\/\/smorel-photo.com\/blog\/wp-content\/uploads\/2015\/06\/Faucon-Passion-Google-Maps-1024x747.jpg\" alt=\"Faucon Passion - Google\u00a0Maps\" width=\"700\" height=\"510\" srcset=\"http:\/\/smorel-photo.com\/blog\/wp-content\/uploads\/2015\/06\/Faucon-Passion-Google-Maps-1024x747.jpg 1024w, http:\/\/smorel-photo.com\/blog\/wp-content\/uploads\/2015\/06\/Faucon-Passion-Google-Maps-300x219.jpg 300w, http:\/\/smorel-photo.com\/blog\/wp-content\/uploads\/2015\/06\/Faucon-Passion-Google-Maps.jpg 1086w\" sizes=\"auto, (max-width: 700px) 100vw, 700px\" \/><\/a><\/p>\n<hr> <h2 style=\"text-align: center;\"><img loading=\"lazy\" decoding=\"async\" src=\"http:\/\/smorel-photo.com\/blog\/wp-content\/uploads\/2019\/04\/GaleriePhoto-300x187.gif\" alt=\"\" width=\"300\" height=\"187\"><a href=\"http:\/\/smorel-photo.com\/blog\/galeries-photos\/\">Voir la galerie photos de Faucon Passion<\/a>\u21b5<\/h2>","_links":{"self":[{"href":"http:\/\/smorel-photo.com\/blog\/wp-json\/wp\/v2\/pages\/4164","targetHints":{"allow":["GET"]}}],"collection":[{"href":"http:\/\/smorel-photo.com\/blog\/wp-json\/wp\/v2\/pages"}],"about":[{"href":"http:\/\/smorel-photo.com\/blog\/wp-json\/wp\/v2\/types\/page"}],"author":[{"embeddable":true,"href":"http:\/\/smorel-photo.com\/blog\/wp-json\/wp\/v2\/users\/1"}],"replies":[{"embeddable":true,"href":"http:\/\/smorel-photo.com\/blog\/wp-json\/wp\/v2\/comments?post=4164"}],"version-history":[{"count":7,"href":"http:\/\/smorel-photo.com\/blog\/wp-json\/wp\/v2\/pages\/4164\/revisions"}],"predecessor-version":[{"id":7407,"href":"http:\/\/smorel-photo.com\/blog\/wp-json\/wp\/v2\/pages\/4164\/revisions\/7407"}],"wp:attachment":[{"href":"http:\/\/smorel-photo.com\/blog\/wp-json\/wp\/v2\/media?parent=4164"}],"curies":[{"name":"wp","href":"https:\/\/api.w.org\/{rel}","templated":true}]}}