{"id":4423,"date":"2016-01-07T14:47:37","date_gmt":"2016-01-07T14:47:37","guid":{"rendered":"http:\/\/smorel-photo.com\/blog\/marais-de-vigueirat-presentation-copy\/"},"modified":"2021-02-15T13:17:58","modified_gmt":"2021-02-15T13:17:58","slug":"marches-de-noel-presentation","status":"publish","type":"page","link":"http:\/\/smorel-photo.com\/blog\/marches-de-noel-presentation\/","title":{"rendered":"March\u00e9s de no\u00ebl d&rsquo;Alsace et fondation Blach\u00e8re : pr\u00e9sentation"},"content":{"rendered":"<p><img loading=\"lazy\" decoding=\"async\" class=\"aligncenter wp-image-4245\" src=\"http:\/\/smorel-photo.com\/blog\/wp-content\/uploads\/2016\/01\/Alsace_march\u00e9-de-no\u00ebl40-243x300.jpg\" alt=\"Alsace_march\u00e9 de no\u00ebl40\" width=\"400\" height=\"495\" srcset=\"http:\/\/smorel-photo.com\/blog\/wp-content\/uploads\/2016\/01\/Alsace_march\u00e9-de-no\u00ebl40-243x300.jpg 243w, http:\/\/smorel-photo.com\/blog\/wp-content\/uploads\/2016\/01\/Alsace_march\u00e9-de-no\u00ebl40-768x950.jpg 768w, http:\/\/smorel-photo.com\/blog\/wp-content\/uploads\/2016\/01\/Alsace_march\u00e9-de-no\u00ebl40-828x1024.jpg 828w\" sizes=\"auto, (max-width: 400px) 100vw, 400px\" \/><br \/>\n<script>\/\/ <![CDATA[\n(function(i,s,o,g,r,a,m){i['GoogleAnalyticsObject']=r;i[r]=i[r]||function(){ (i[r].q=i[r].q||[]).push(arguments)},i[r].l=1*new Date();a=s.createElement(o), m=s.getElementsByTagName(o)[0];a.async=1;a.src=g;m.parentNode.insertBefore(a,m) })(window,document,'script','\/\/www.google-analytics.com\/analytics.js','ga'); ga('create', 'UA-59664093-1', 'auto'); ga('send', 'pageview');\n\/\/ ]]><\/script><!--themify_builder_content-->\n<div id=\"themify_builder_content-4423\" data-postid=\"4423\" class=\"themify_builder_content themify_builder_content-4423 themify_builder tf_clear\">\n                    <div  data-lazy=\"1\" class=\"module_row themify_builder_row tb_360125a tb_first tf_w\">\n                        <div class=\"row_inner col_align_top tb_col_count_1 tf_box tf_rel\">\n                        <div  data-lazy=\"1\" class=\"module_column tb-column col-full tb_4075fa5 first\">\n                    <!-- module text -->\n<div  class=\"module module-text tb_b4150b8  repeat \" data-lazy=\"1\">\n        <div  class=\"tb_text_wrap\">\n        <p>&nbsp;Les f\u00eates de no\u00ebl sont toujours un moment magique pour petits et grands.<\/p>\n<p>Je vous invite \u00e0 un tour d&rsquo;horizon photographique, de quelques march\u00e9s de no\u00ebl en Alsace qui sont le reflet de toute une tradition.<\/p>\n<p>Colmar, Strasbourg, Obernai, Ribeauvill\u00e9 &#8230;villes et villages jouent le jeu pour vous faire d\u00e9couvrir d\u00e9corations, sapins, gastronomie; autour de la magie de no\u00ebl.<\/p>\n<p>Vous pourrez y d\u00e9guster vin chaud et gourmandises, sucr\u00e9es ou sal\u00e9es (tel le fameux Bretzel).<\/p>\n<p>Un aper\u00e7u \u00e9galement du palais du pin d&rsquo;\u00e9pices \u00e0 Gertwiller. Tout un art populaire en Alsace qui dure depuis plus de 40 ans de savoir-faire.<\/p>\n<p>Ensuite, pour continuer dans la f\u00e9erie des lumi\u00e8res et illuminations, quelques photos de la fondation Blach\u00e8re \u00e0 Apt dans le Vaucluse.<\/p>\n<p>Depuis 40 ans Blach\u00e8re fournit \u00e0 plus de 150 pays, diverses cr\u00e9ations luminaires en tout genre.<\/p>\n<p><img loading=\"lazy\" decoding=\"async\" class=\"aligncenter size-medium wp-image-4263\" src=\"http:\/\/smorel-photo.com\/blog\/wp-content\/uploads\/2016\/01\/Blach\u00e8re-illumination5-200x300.jpg\" alt=\"Blach\u00e8re illumination5\" width=\"200\" height=\"300\" srcset=\"http:\/\/smorel-photo.com\/blog\/wp-content\/uploads\/2016\/01\/Blach\u00e8re-illumination5-200x300.jpg 200w, http:\/\/smorel-photo.com\/blog\/wp-content\/uploads\/2016\/01\/Blach\u00e8re-illumination5-768x1152.jpg 768w, http:\/\/smorel-photo.com\/blog\/wp-content\/uploads\/2016\/01\/Blach\u00e8re-illumination5-683x1024.jpg 683w\" sizes=\"auto, (max-width: 200px) 100vw, 200px\" \/><\/p>\n<p style=\"text-align: justify;\"><span style=\"text-decoration: underline;\">Pour s&rsquo;y rendre<\/span> :<\/p>\n<p>Blach\u00e8re Illumination SAS<\/p>\n<p><span class=\"_Xbe\">384 Avenue des Argiles, Z.I Les Bourguignons<\/span><\/p>\n<p><span class=\"_Xbe\"> 84800 APT<br><\/span><\/p>\n<p style=\"text-align: justify;\"><span style=\"text-decoration: underline;\">Coordonn\u00e9es GPS<\/span> :<\/p>\n<p style=\"text-align: justify;\">Latitude = 43.876453<br>Longitude = 5.395439<\/p>\n<p style=\"text-align: justify;\"><span style=\"text-decoration: underline;\">Pour le d\u00e9couvrir, rendez-vous sur le site<\/span> : <a href=\"http:\/\/www.blachere-illumination.com\/\">http:\/\/www.blachere-illumination.com\/<\/a><\/p>\n<hr>\n<h2 style=\"text-align: center;\">&nbsp;<a href=\"http:\/\/smorel-photo.com\/blog\/galeries-photos\/\"><img loading=\"lazy\" decoding=\"async\" class=\"aligncenter size-medium wp-image-7009\" src=\"http:\/\/smorel-photo.com\/blog\/wp-content\/uploads\/2019\/04\/GaleriePhoto-300x187.gif\" alt=\"\" width=\"300\" height=\"187\">Voir la galerie photos des march\u00e9s de no\u00ebl et de Blach\u00e8re<\/a>\u21b5<\/h2>\n<p style=\"text-align: justify;\">&nbsp;<\/p>    <\/div>\n<\/div>\n<!-- \/module text -->        <\/div>\n                        <\/div>\n        <\/div>\n        <\/div>\n<!--\/themify_builder_content-->","protected":false},"excerpt":{"rendered":"<p>&nbsp;Les f\u00eates de no\u00ebl sont toujours un moment magique pour petits et grands. Je vous invite \u00e0 un tour d&rsquo;horizon photographique, de quelques march\u00e9s de no\u00ebl en Alsace qui sont le reflet de toute une tradition. Colmar, Strasbourg, Obernai, Ribeauvill\u00e9 &#8230;villes et villages jouent le jeu pour vous faire d\u00e9couvrir d\u00e9corations, sapins, gastronomie; autour de [&hellip;]<\/p>\n","protected":false},"author":1,"featured_media":0,"parent":0,"menu_order":0,"comment_status":"open","ping_status":"open","template":"","meta":{"footnotes":""},"class_list":["post-4423","page","type-page","status-publish","hentry","has-post-title","has-post-date","has-post-category","has-post-tag","has-post-comment","has-post-author",""],"aioseo_notices":[],"builder_content":"<p>&nbsp;Les f\u00eates de no\u00ebl sont toujours un moment magique pour petits et grands.<\/p> <p>Je vous invite \u00e0 un tour d'horizon photographique, de quelques march\u00e9s de no\u00ebl en Alsace qui sont le reflet de toute une tradition.<\/p> <p>Colmar, Strasbourg, Obernai, Ribeauvill\u00e9 ...villes et villages jouent le jeu pour vous faire d\u00e9couvrir d\u00e9corations, sapins, gastronomie; autour de la magie de no\u00ebl.<\/p> <p>Vous pourrez y d\u00e9guster vin chaud et gourmandises, sucr\u00e9es ou sal\u00e9es (tel le fameux Bretzel).<\/p> <p>Un aper\u00e7u \u00e9galement du palais du pin d'\u00e9pices \u00e0 Gertwiller. Tout un art populaire en Alsace qui dure depuis plus de 40 ans de savoir-faire.<\/p> <p>Ensuite, pour continuer dans la f\u00e9erie des lumi\u00e8res et illuminations, quelques photos de la fondation Blach\u00e8re \u00e0 Apt dans le Vaucluse.<\/p> <p>Depuis 40 ans Blach\u00e8re fournit \u00e0 plus de 150 pays, diverses cr\u00e9ations luminaires en tout genre.<\/p> <p><img loading=\"lazy\" decoding=\"async\" src=\"http:\/\/smorel-photo.com\/blog\/wp-content\/uploads\/2016\/01\/Blach\u00e8re-illumination5-200x300.jpg\" alt=\"Blach\u00e8re illumination5\" width=\"200\" height=\"300\" srcset=\"http:\/\/smorel-photo.com\/blog\/wp-content\/uploads\/2016\/01\/Blach\u00e8re-illumination5-200x300.jpg 200w, http:\/\/smorel-photo.com\/blog\/wp-content\/uploads\/2016\/01\/Blach\u00e8re-illumination5-768x1152.jpg 768w, http:\/\/smorel-photo.com\/blog\/wp-content\/uploads\/2016\/01\/Blach\u00e8re-illumination5-683x1024.jpg 683w\" sizes=\"auto, (max-width: 200px) 100vw, 200px\" \/><\/p> <p style=\"text-align: justify;\">Pour s'y rendre :<\/p> <p>Blach\u00e8re Illumination SAS<\/p> <p>384 Avenue des Argiles, Z.I Les Bourguignons<\/p> <p> 84800 APT<br><\/p> <p style=\"text-align: justify;\">Coordonn\u00e9es GPS :<\/p> <p style=\"text-align: justify;\">Latitude = 43.876453<br>Longitude = 5.395439<\/p> <p style=\"text-align: justify;\">Pour le d\u00e9couvrir, rendez-vous sur le site : <a href=\"http:\/\/www.blachere-illumination.com\/\">http:\/\/www.blachere-illumination.com\/<\/a><\/p> <hr> <h2 style=\"text-align: center;\">&nbsp;<a href=\"http:\/\/smorel-photo.com\/blog\/galeries-photos\/\"><img loading=\"lazy\" decoding=\"async\" src=\"http:\/\/smorel-photo.com\/blog\/wp-content\/uploads\/2019\/04\/GaleriePhoto-300x187.gif\" alt=\"\" width=\"300\" height=\"187\">Voir la galerie photos des march\u00e9s de no\u00ebl et de Blach\u00e8re<\/a>\u21b5<\/h2> <p style=\"text-align: justify;\">&nbsp;<\/p>","_links":{"self":[{"href":"http:\/\/smorel-photo.com\/blog\/wp-json\/wp\/v2\/pages\/4423","targetHints":{"allow":["GET"]}}],"collection":[{"href":"http:\/\/smorel-photo.com\/blog\/wp-json\/wp\/v2\/pages"}],"about":[{"href":"http:\/\/smorel-photo.com\/blog\/wp-json\/wp\/v2\/types\/page"}],"author":[{"embeddable":true,"href":"http:\/\/smorel-photo.com\/blog\/wp-json\/wp\/v2\/users\/1"}],"replies":[{"embeddable":true,"href":"http:\/\/smorel-photo.com\/blog\/wp-json\/wp\/v2\/comments?post=4423"}],"version-history":[{"count":9,"href":"http:\/\/smorel-photo.com\/blog\/wp-json\/wp\/v2\/pages\/4423\/revisions"}],"predecessor-version":[{"id":7408,"href":"http:\/\/smorel-photo.com\/blog\/wp-json\/wp\/v2\/pages\/4423\/revisions\/7408"}],"wp:attachment":[{"href":"http:\/\/smorel-photo.com\/blog\/wp-json\/wp\/v2\/media?parent=4423"}],"curies":[{"name":"wp","href":"https:\/\/api.w.org\/{rel}","templated":true}]}}