{"id":5512,"date":"2017-10-17T09:31:55","date_gmt":"2017-10-17T09:31:55","guid":{"rendered":"http:\/\/smorel-photo.com\/blog\/gorges-de-regalon-presentation-copy\/"},"modified":"2021-02-15T13:18:41","modified_gmt":"2021-02-15T13:18:41","slug":"fetes_medievales","status":"publish","type":"page","link":"http:\/\/smorel-photo.com\/blog\/fetes_medievales\/","title":{"rendered":"F\u00eates m\u00e9di\u00e9vales : pr\u00e9sentation"},"content":{"rendered":"<p><img loading=\"lazy\" decoding=\"async\" class=\"aligncenter wp-image-5484 size-medium\" src=\"http:\/\/smorel-photo.com\/blog\/wp-content\/uploads\/2017\/10\/F\u00eateM\u00e9dieval_Velleron_54-200x300.jpg\" alt=\"\" width=\"200\" height=\"300\" srcset=\"http:\/\/smorel-photo.com\/blog\/wp-content\/uploads\/2017\/10\/F\u00eateM\u00e9dieval_Velleron_54-200x300.jpg 200w, http:\/\/smorel-photo.com\/blog\/wp-content\/uploads\/2017\/10\/F\u00eateM\u00e9dieval_Velleron_54.jpg 600w\" sizes=\"auto, (max-width: 200px) 100vw, 200px\" \/><br \/>\n<script>\/\/ <![CDATA[ (function(i,s,o,g,r,a,m){i['GoogleAnalyticsObject']=r;i[r]=i[r]||function(){ (i[r].q=i[r].q||[]).push(arguments)},i[r].l=1*new Date();a=s.createElement(o), m=s.getElementsByTagName(o)[0];a.async=1;a.src=g;m.parentNode.insertBefore(a,m) })(window,document,'script','\/\/www.google-analytics.com\/analytics.js','ga'); ga('create', 'UA-59664093-1', 'auto'); ga('send', 'pageview'); \/\/ ]]><\/script><!--themify_builder_content-->\n<div id=\"themify_builder_content-5512\" data-postid=\"5512\" class=\"themify_builder_content themify_builder_content-5512 themify_builder tf_clear\">\n                    <div  data-lazy=\"1\" class=\"module_row themify_builder_row tb_6dfb036 tb_first tf_w\">\n                        <div class=\"row_inner col_align_top tb_col_count_1 tf_box tf_rel\">\n                        <div  data-lazy=\"1\" class=\"module_column tb-column col-full tb_a5af171 first\">\n                    <!-- module text -->\n<div  class=\"module module-text tb_9a926d6  repeat \" data-lazy=\"1\">\n        <div  class=\"tb_text_wrap\">\n        <p class=\"western\">Embarquez maintenant au temps du moyen-\u00e2ge.<\/p>\n<p class=\"western\">Je vous invites \u00e0 d\u00e9couvrir les f\u00eates m\u00e9di\u00e9vales de notre Provence.<\/p>\n<p class=\"western\">En passant par Velleron, Mornas, Cr\u00e9mieu \u2026 autant de lieux parfois perch\u00e9s sur de haute falaise, pour passer des moments inoubliables \u00e0 l\u2019occasion de ces f\u00eates d\u2019un autre temps.<\/p>\n<p class=\"western\">Les ruelles sont transform\u00e9es, d\u00e9cor\u00e9es et de nombreuses animations fleurissent tout au long de la journ\u00e9e.<\/p>\n<p class=\"western\">Les habitants, artisans, artistes, d\u00e9ambulent dans les villages, au rythme de musique Celtique et Proven\u00e7ale.<\/p>\n<p class=\"western\">Apprendre le maniement des armes et tester votre adresse au tir \u00e0 l\u2019arc, puis ensuite admirer les combats de chevaliers, les joutes \u00e9questres et autres tournois.<\/p>\n<p class=\"western\">Des moments magiques avec les dresseurs de rapaces, les danseurs, les com\u00e9diens pour une immersion totale.<\/p>\n<p>A vos calendriers, les f\u00eates sont nombreuses tout au long de l&rsquo;\u00e9t\u00e9.<\/p>\n<p>Vous trouverez les informations sur diff\u00e9rents sites web, ainsi que dans les offices de tourisme.<\/p>\n<hr>\n<h2 style=\"text-align: center;\"><a href=\"http:\/\/smorel-photo.com\/blog\/galeries-photos\/\"><img loading=\"lazy\" decoding=\"async\" class=\"aligncenter size-medium wp-image-7009\" src=\"http:\/\/smorel-photo.com\/blog\/wp-content\/uploads\/2019\/04\/GaleriePhoto-300x187.gif\" alt=\"\" width=\"300\" height=\"187\">Voir la galerie photos des f\u00eates m\u00e9di\u00e9vales<\/a>\u21b5<\/h2>\n<p style=\"text-align: justify;\">&nbsp;<\/p>    <\/div>\n<\/div>\n<!-- \/module text -->        <\/div>\n                        <\/div>\n        <\/div>\n        <\/div>\n<!--\/themify_builder_content-->","protected":false},"excerpt":{"rendered":"<p>Embarquez maintenant au temps du moyen-\u00e2ge. Je vous invites \u00e0 d\u00e9couvrir les f\u00eates m\u00e9di\u00e9vales de notre Provence. En passant par Velleron, Mornas, Cr\u00e9mieu \u2026 autant de lieux parfois perch\u00e9s sur de haute falaise, pour passer des moments inoubliables \u00e0 l\u2019occasion de ces f\u00eates d\u2019un autre temps. Les ruelles sont transform\u00e9es, d\u00e9cor\u00e9es et de nombreuses animations [&hellip;]<\/p>\n","protected":false},"author":1,"featured_media":0,"parent":0,"menu_order":0,"comment_status":"open","ping_status":"open","template":"","meta":{"footnotes":""},"class_list":["post-5512","page","type-page","status-publish","hentry","has-post-title","has-post-date","has-post-category","has-post-tag","has-post-comment","has-post-author",""],"aioseo_notices":[],"builder_content":"<p>Embarquez maintenant au temps du moyen-\u00e2ge.<\/p> <p>Je vous invites \u00e0 d\u00e9couvrir les f\u00eates m\u00e9di\u00e9vales de notre Provence.<\/p> <p>En passant par Velleron, Mornas, Cr\u00e9mieu \u2026 autant de lieux parfois perch\u00e9s sur de haute falaise, pour passer des moments inoubliables \u00e0 l\u2019occasion de ces f\u00eates d\u2019un autre temps.<\/p> <p>Les ruelles sont transform\u00e9es, d\u00e9cor\u00e9es et de nombreuses animations fleurissent tout au long de la journ\u00e9e.<\/p> <p>Les habitants, artisans, artistes, d\u00e9ambulent dans les villages, au rythme de musique Celtique et Proven\u00e7ale.<\/p> <p>Apprendre le maniement des armes et tester votre adresse au tir \u00e0 l\u2019arc, puis ensuite admirer les combats de chevaliers, les joutes \u00e9questres et autres tournois.<\/p> <p>Des moments magiques avec les dresseurs de rapaces, les danseurs, les com\u00e9diens pour une immersion totale.<\/p> <p>A vos calendriers, les f\u00eates sont nombreuses tout au long de l'\u00e9t\u00e9.<\/p> <p>Vous trouverez les informations sur diff\u00e9rents sites web, ainsi que dans les offices de tourisme.<\/p> <hr> <h2 style=\"text-align: center;\"><a href=\"http:\/\/smorel-photo.com\/blog\/galeries-photos\/\"><img loading=\"lazy\" decoding=\"async\" src=\"http:\/\/smorel-photo.com\/blog\/wp-content\/uploads\/2019\/04\/GaleriePhoto-300x187.gif\" alt=\"\" width=\"300\" height=\"187\">Voir la galerie photos des f\u00eates m\u00e9di\u00e9vales<\/a>\u21b5<\/h2> <p style=\"text-align: justify;\">&nbsp;<\/p>","_links":{"self":[{"href":"http:\/\/smorel-photo.com\/blog\/wp-json\/wp\/v2\/pages\/5512","targetHints":{"allow":["GET"]}}],"collection":[{"href":"http:\/\/smorel-photo.com\/blog\/wp-json\/wp\/v2\/pages"}],"about":[{"href":"http:\/\/smorel-photo.com\/blog\/wp-json\/wp\/v2\/types\/page"}],"author":[{"embeddable":true,"href":"http:\/\/smorel-photo.com\/blog\/wp-json\/wp\/v2\/users\/1"}],"replies":[{"embeddable":true,"href":"http:\/\/smorel-photo.com\/blog\/wp-json\/wp\/v2\/comments?post=5512"}],"version-history":[{"count":8,"href":"http:\/\/smorel-photo.com\/blog\/wp-json\/wp\/v2\/pages\/5512\/revisions"}],"predecessor-version":[{"id":7410,"href":"http:\/\/smorel-photo.com\/blog\/wp-json\/wp\/v2\/pages\/5512\/revisions\/7410"}],"wp:attachment":[{"href":"http:\/\/smorel-photo.com\/blog\/wp-json\/wp\/v2\/media?parent=5512"}],"curies":[{"name":"wp","href":"https:\/\/api.w.org\/{rel}","templated":true}]}}