{"id":5645,"date":"2018-01-23T10:46:53","date_gmt":"2018-01-23T10:46:53","guid":{"rendered":"http:\/\/smorel-photo.com\/blog\/marais-de-vigueirat-presentation-copy\/"},"modified":"2021-02-15T13:19:13","modified_gmt":"2021-02-15T13:19:13","slug":"vautours-verdon-presentation","status":"publish","type":"page","link":"http:\/\/smorel-photo.com\/blog\/vautours-verdon-presentation\/","title":{"rendered":"Vautours dans le Verdon : pr\u00e9sentation"},"content":{"rendered":"<p><img loading=\"lazy\" decoding=\"async\" class=\"aligncenter wp-image-5713 size-medium\" src=\"http:\/\/smorel-photo.com\/blog\/wp-content\/uploads\/2018\/01\/Vautours-Fauves51-300x180.jpg\" alt=\"\" width=\"300\" height=\"180\" srcset=\"http:\/\/smorel-photo.com\/blog\/wp-content\/uploads\/2018\/01\/Vautours-Fauves51-300x180.jpg 300w, http:\/\/smorel-photo.com\/blog\/wp-content\/uploads\/2018\/01\/Vautours-Fauves51.jpg 600w\" sizes=\"auto, (max-width: 300px) 100vw, 300px\" \/><script>\/\/ <![CDATA[ (function(i,s,o,g,r,a,m){i['GoogleAnalyticsObject']=r;i[r]=i[r]||function(){ (i[r].q=i[r].q||[]).push(arguments)},i[r].l=1*new Date();a=s.createElement(o), m=s.getElementsByTagName(o)[0];a.async=1;a.src=g;m.parentNode.insertBefore(a,m) })(window,document,'script','\/\/www.google-analytics.com\/analytics.js','ga'); ga('create', 'UA-59664093-1', 'auto'); ga('send', 'pageview'); \/\/ ]]><\/script><!--themify_builder_content-->\n<div id=\"themify_builder_content-5645\" data-postid=\"5645\" class=\"themify_builder_content themify_builder_content-5645 themify_builder tf_clear\">\n                    <div  data-lazy=\"1\" class=\"module_row themify_builder_row tb_7533df8 tb_first tf_w\">\n                        <div class=\"row_inner col_align_top tb_col_count_1 tf_box tf_rel\">\n                        <div  data-lazy=\"1\" class=\"module_column tb-column col-full tb_79aecb0 first\">\n                    <!-- module text -->\n<div  class=\"module module-text tb_9e21041  repeat \" data-lazy=\"1\">\n        <div  class=\"tb_text_wrap\">\n        <p>Un lieu incontournable pour voir et prendre en photos les Vautours Fauves.<\/p>\n<p>C&rsquo;est lors d&rsquo;un stage de 2 jours avec le photographe animalier David Allemand et sa femme St\u00e9phanie, que j&rsquo;ai pu le d\u00e9couvrir.<\/p>\n<p>Amoureux de la nature, j&rsquo;ai pass\u00e9 des moments magiques en leur compagnie. Ce sont vraiment des personnes charmantes.<\/p>\n<p>ils m&rsquo;ont permis gr\u00e2ce \u00e0 leur m\u00e9tier, leur ma\u00eetrise, \u00e0 am\u00e9liorer ma technique de prise de vue.<\/p>\n<p>Tout \u00e9tait r\u00e9uni pour r\u00e9ussir de superbes photos.<\/p>\n<p>Notre lieu de rendez-vous \u00e9tait au village de Rougon.<\/p>\n<p>Il est situ\u00e9 au coeur des gorges du Verdon et surplombe le grand canyon du Verdon.<\/p>\n<p>Nous avons rejoint la barre de l&rsquo;aigle pour y observer les Vautours.<\/p>\n<p>La r\u00e9-introduction a \u00e9t\u00e9 faite depuis 1999 dans les gorges du Verdon.<\/p>\n<p>Durant ce stage, nous avons pu acc\u00e9der \u00e0 un p\u00e9rim\u00e8tre proche de la voli\u00e8re avec des agents de la LPO, pour assister au nourrissage des Vautours Fauves.<\/p>\n<p>Ce fut des instants inoubliables, les bruits, les odeurs (et oui les charognes&#8230;=) ), il y en avait au moins 300 \u00e0 ce moment l\u00e0.<\/p>\n<p>Je remercie encore David et St\u00e9phanie pour ce stage exceptionnel.<\/p>\n<p>Vous pouvez d\u00e9couvrir leur travail sur leur site web :<\/p>\n<p><a href=\"http:\/\/david-allemand.com\" target=\"_blank\" rel=\"noopener\">http:\/\/david-allemand.com<\/a><\/p>\n<p style=\"text-align: justify;\"><span style=\"text-decoration: underline;\">Pour s&rsquo;y rendre<\/span> :<\/p>\n<p>Village de Rougon<\/p>\n<p style=\"text-align: justify;\"><span style=\"text-decoration: underline;\">Coordonn\u00e9es GPS<\/span> :<\/p>\n<p style=\"text-align: justify;\">Latitude =&nbsp;43.47&rsquo;57.2&Prime;N<br>Longitude = 6\u00b024&rsquo;02.6&Prime;E<\/p>\n<p style=\"text-align: justify;\">En savoir plus sur les Vautours :<\/p>\n<p><a href=\"http:\/\/rapaces.lpo.fr\/grands-causses\/les-quatre-vautours\" target=\"_blank\" rel=\"noopener\"><span style=\"color: #3366ff;\"><span style=\"color: #0000ff;\">http:\/\/rapaces.lpo.fr\/grands-causses\/les-quatre-vautours<\/span><\/span><\/a><\/p>\n<hr>\n<h2 style=\"text-align: center;\"><img loading=\"lazy\" decoding=\"async\" class=\"aligncenter size-medium wp-image-7009\" src=\"http:\/\/smorel-photo.com\/blog\/wp-content\/uploads\/2019\/04\/GaleriePhoto-300x187.gif\" alt=\"\" width=\"300\" height=\"187\"><a href=\"http:\/\/smorel-photo.com\/blog\/galeries-photos\/\">Voir la galerie photos des Vautours Fauves<\/a>\u21b5<\/h2>\n<p style=\"text-align: justify;\">&nbsp;<\/p>    <\/div>\n<\/div>\n<!-- \/module text -->        <\/div>\n                        <\/div>\n        <\/div>\n        <\/div>\n<!--\/themify_builder_content-->","protected":false},"excerpt":{"rendered":"<p>Un lieu incontournable pour voir et prendre en photos les Vautours Fauves. C&rsquo;est lors d&rsquo;un stage de 2 jours avec le photographe animalier David Allemand et sa femme St\u00e9phanie, que j&rsquo;ai pu le d\u00e9couvrir. Amoureux de la nature, j&rsquo;ai pass\u00e9 des moments magiques en leur compagnie. Ce sont vraiment des personnes charmantes. ils m&rsquo;ont permis [&hellip;]<\/p>\n","protected":false},"author":1,"featured_media":0,"parent":0,"menu_order":0,"comment_status":"open","ping_status":"open","template":"","meta":{"footnotes":""},"class_list":["post-5645","page","type-page","status-publish","hentry","has-post-title","has-post-date","has-post-category","has-post-tag","has-post-comment","has-post-author",""],"aioseo_notices":[],"builder_content":"<p>Un lieu incontournable pour voir et prendre en photos les Vautours Fauves.<\/p> <p>C'est lors d'un stage de 2 jours avec le photographe animalier David Allemand et sa femme St\u00e9phanie, que j'ai pu le d\u00e9couvrir.<\/p> <p>Amoureux de la nature, j'ai pass\u00e9 des moments magiques en leur compagnie. Ce sont vraiment des personnes charmantes.<\/p> <p>ils m'ont permis gr\u00e2ce \u00e0 leur m\u00e9tier, leur ma\u00eetrise, \u00e0 am\u00e9liorer ma technique de prise de vue.<\/p> <p>Tout \u00e9tait r\u00e9uni pour r\u00e9ussir de superbes photos.<\/p> <p>Notre lieu de rendez-vous \u00e9tait au village de Rougon.<\/p> <p>Il est situ\u00e9 au coeur des gorges du Verdon et surplombe le grand canyon du Verdon.<\/p> <p>Nous avons rejoint la barre de l'aigle pour y observer les Vautours.<\/p> <p>La r\u00e9-introduction a \u00e9t\u00e9 faite depuis 1999 dans les gorges du Verdon.<\/p> <p>Durant ce stage, nous avons pu acc\u00e9der \u00e0 un p\u00e9rim\u00e8tre proche de la voli\u00e8re avec des agents de la LPO, pour assister au nourrissage des Vautours Fauves.<\/p> <p>Ce fut des instants inoubliables, les bruits, les odeurs (et oui les charognes...=) ), il y en avait au moins 300 \u00e0 ce moment l\u00e0.<\/p> <p>Je remercie encore David et St\u00e9phanie pour ce stage exceptionnel.<\/p> <p>Vous pouvez d\u00e9couvrir leur travail sur leur site web :<\/p> <p><a href=\"http:\/\/david-allemand.com\" target=\"_blank\" rel=\"noopener\">http:\/\/david-allemand.com<\/a><\/p> <p style=\"text-align: justify;\">Pour s'y rendre :<\/p> <p>Village de Rougon<\/p> <p style=\"text-align: justify;\">Coordonn\u00e9es GPS :<\/p> <p style=\"text-align: justify;\">Latitude =&nbsp;43.47'57.2\"N<br>Longitude = 6\u00b024'02.6\"E<\/p> <p style=\"text-align: justify;\">En savoir plus sur les Vautours :<\/p> <p><a href=\"http:\/\/rapaces.lpo.fr\/grands-causses\/les-quatre-vautours\" target=\"_blank\" rel=\"noopener\">http:\/\/rapaces.lpo.fr\/grands-causses\/les-quatre-vautours<\/a><\/p> <hr> <h2 style=\"text-align: center;\"><img loading=\"lazy\" decoding=\"async\" src=\"http:\/\/smorel-photo.com\/blog\/wp-content\/uploads\/2019\/04\/GaleriePhoto-300x187.gif\" alt=\"\" width=\"300\" height=\"187\"><a href=\"http:\/\/smorel-photo.com\/blog\/galeries-photos\/\">Voir la galerie photos des Vautours Fauves<\/a>\u21b5<\/h2> <p style=\"text-align: justify;\">&nbsp;<\/p>","_links":{"self":[{"href":"http:\/\/smorel-photo.com\/blog\/wp-json\/wp\/v2\/pages\/5645","targetHints":{"allow":["GET"]}}],"collection":[{"href":"http:\/\/smorel-photo.com\/blog\/wp-json\/wp\/v2\/pages"}],"about":[{"href":"http:\/\/smorel-photo.com\/blog\/wp-json\/wp\/v2\/types\/page"}],"author":[{"embeddable":true,"href":"http:\/\/smorel-photo.com\/blog\/wp-json\/wp\/v2\/users\/1"}],"replies":[{"embeddable":true,"href":"http:\/\/smorel-photo.com\/blog\/wp-json\/wp\/v2\/comments?post=5645"}],"version-history":[{"count":9,"href":"http:\/\/smorel-photo.com\/blog\/wp-json\/wp\/v2\/pages\/5645\/revisions"}],"predecessor-version":[{"id":7411,"href":"http:\/\/smorel-photo.com\/blog\/wp-json\/wp\/v2\/pages\/5645\/revisions\/7411"}],"wp:attachment":[{"href":"http:\/\/smorel-photo.com\/blog\/wp-json\/wp\/v2\/media?parent=5645"}],"curies":[{"name":"wp","href":"https:\/\/api.w.org\/{rel}","templated":true}]}}